{"id":1417,"date":"2026-01-19T17:59:55","date_gmt":"2026-01-19T17:59:55","guid":{"rendered":"https:\/\/tiendaonline.ludeni.dev\/product\/mezcladora-de-resina-de-accion-forex\/"},"modified":"2026-01-19T17:59:55","modified_gmt":"2026-01-19T17:59:55","slug":"mezcladora-de-resina-de-accion-forex","status":"publish","type":"product","link":"https:\/\/tiendaonline.ludeni.dev\/es\/producto\/mezcladora-de-resina-de-accion-forex\/","title":{"rendered":"Mezcladora de resina de acci\u00f3n Forex"},"content":{"rendered":"<p>La <strong>Mezcladora de resina de acci\u00f3n Forex<\/strong> es una soluci\u00f3n profesional y compacta para la mezcla eficiente de cemento, mortero y otros materiales de construcci\u00f3n. Dise\u00f1ada para ofrecer alto rendimiento, fiabilidad y facilidad de uso, es ideal para obras, talleres y entornos industriales. <\/p>\n<h3>Caracter\u00edsticas principales<\/h3>\n<ul>\n<li>Soporte ajustable para cubos de cemento<\/li>\n<li>3 palas mezcladoras reforzadas con posiciones ajustables<\/li>\n<li>Bloqueador de muelle con dos posiciones fijas<\/li>\n<li>Asa para la apertura de la tapa del cubo<\/li>\n<li>Motor de alto redimiento.<\/li>\n<li>Estructura robusta para un uso intensivo<\/li>\n<\/ul>\n<h3>Especificaciones t\u00e9cnicas<\/h3>\n<ul>\n<li><strong>Potencia<\/strong>: 1500 W<\/li>\n<li><strong>Capacidad del cubo:<\/strong> 95 L<\/li>\n<li><strong>Peso<\/strong>: 140 kg<\/li>\n<li><strong>Dimensiones<\/strong>: 730 x 1200 x 1200 mm<\/li>\n<li><strong>Voltaje:<\/strong> 230 V \/ 110 V<\/li>\n<\/ul>\n<hr>\n<p><em>Nota<\/em>: Las im\u00e1genes no son vinculantes. Las capacidades, potencia y dimensiones pueden variar hasta un 10%. El fabricante se reserva el derecho de modificar la informaci\u00f3n y las especificaciones sin previo aviso.  <\/p>\n","protected":false},"excerpt":{"rendered":"<p>La Mezcladora de resina de acci\u00f3n Forex es una soluci\u00f3n profesional y compacta para la mezcla eficiente de cemento, mortero y otros materiales de construcci\u00f3n. Dise\u00f1ada para ofrecer alto rendimiento, fiabilidad y facilidad de uso, es ideal para obras, talleres y entornos industriales. Caracter\u00edsticas principales Soporte ajustable para cubos de cemento 3 palas mezcladoras reforzadas &#8230; <a title=\"Mezcladora de resina de acci\u00f3n Forex\" class=\"read-more\" href=\"https:\/\/tiendaonline.ludeni.dev\/es\/producto\/mezcladora-de-resina-de-accion-forex\/\" aria-label=\"Leer m\u00e1s sobre Mezcladora de resina de acci\u00f3n Forex\">Leer m\u00e1s<\/a><\/p>\n","protected":false},"featured_media":1415,"comment_status":"open","ping_status":"closed","template":"","meta":[],"product_brand":[],"product_cat":[71],"product_tag":[],"class_list":{"0":"post-1417","1":"product","2":"type-product","3":"status-publish","4":"has-post-thumbnail","6":"product_cat-herramientas","7":"sales-flash-overlay","8":"woocommerce-text-align-center","9":"woocommerce-image-align-center","10":"do-quantity-buttons","12":"first","13":"instock","14":"shipping-taxable","15":"purchasable","16":"product-type-simple"},"_links":{"self":[{"href":"https:\/\/tiendaonline.ludeni.dev\/es\/wp-json\/wp\/v2\/product\/1417","targetHints":{"allow":["GET"]}}],"collection":[{"href":"https:\/\/tiendaonline.ludeni.dev\/es\/wp-json\/wp\/v2\/product"}],"about":[{"href":"https:\/\/tiendaonline.ludeni.dev\/es\/wp-json\/wp\/v2\/types\/product"}],"replies":[{"embeddable":true,"href":"https:\/\/tiendaonline.ludeni.dev\/es\/wp-json\/wp\/v2\/comments?post=1417"}],"wp:featuredmedia":[{"embeddable":true,"href":"https:\/\/tiendaonline.ludeni.dev\/es\/wp-json\/wp\/v2\/media\/1415"}],"wp:attachment":[{"href":"https:\/\/tiendaonline.ludeni.dev\/es\/wp-json\/wp\/v2\/media?parent=1417"}],"wp:term":[{"taxonomy":"product_brand","embeddable":true,"href":"https:\/\/tiendaonline.ludeni.dev\/es\/wp-json\/wp\/v2\/product_brand?post=1417"},{"taxonomy":"product_cat","embeddable":true,"href":"https:\/\/tiendaonline.ludeni.dev\/es\/wp-json\/wp\/v2\/product_cat?post=1417"},{"taxonomy":"product_tag","embeddable":true,"href":"https:\/\/tiendaonline.ludeni.dev\/es\/wp-json\/wp\/v2\/product_tag?post=1417"}],"curies":[{"name":"wp","href":"https:\/\/api.w.org\/{rel}","templated":true}]}}