{"id":1413,"date":"2025-12-10T15:33:32","date_gmt":"2025-12-10T15:33:32","guid":{"rendered":"https:\/\/tiendaonline.ludeni.dev\/product\/llanas-para-resina\/"},"modified":"2025-12-10T15:33:32","modified_gmt":"2025-12-10T15:33:32","slug":"llanas-para-resina","status":"publish","type":"product","link":"https:\/\/tiendaonline.ludeni.dev\/es\/producto\/llanas-para-resina\/","title":{"rendered":"Llanas para resina"},"content":{"rendered":"<p>Llanas para resinas<\/p>\n<p>Dise\u00f1adas para ofrecer precisi\u00f3n y durabilidad, nuestras paletas para resina son la opci\u00f3n preferida de los instaladores y contratistas profesionales de resina. Dise\u00f1adas espec\u00edficamente para aplicar materiales aglomerados con resina, estas paletas cuentan con una hoja de acero inoxidable lisa y plana que garantiza una distribuci\u00f3n uniforme y un acabado impecable. El mango ergon\u00f3mico ofrece una comodidad y un agarre superiores, lo que reduce la fatiga durante un uso prolongado. Tanto si trabajas en entradas, caminos o superficies decorativas, nuestras paletas para resina ofrecen resultados uniformes y de alta calidad en todo momento.   <\/p>\n<h2>Caracter\u00edsticas principales<\/h2>\n<p>La hoja de acero inoxidable de alta calidad le confiere durabilidad y una gran resistencia al \u00f3xido.<\/p>\n<p>Acabado liso ideal para aplicaciones con resina y adhesivos.<\/p>\n<p>Mango antideslizante ideal para un uso intensivo.<\/p>\n<p>Disponible en 550mm, 500mm,450mm &amp; 300mm.<\/p>\n<p>Estas llanas son muy eficientes para cualquier trabajo con resina.<\/p>\n<h3>Precios<\/h3>\n<ul>\n<li>550mm: 45\u20ac<\/li>\n<li>50mm: 40\u20ac<\/li>\n<li>45mm: 35\u20ac<\/li>\n<li>30mm: 30\u20ac<\/li>\n<\/ul>\n<p><strong>If you want to buy a single unit please <a href=\"https:\/\/tiendaonline.ludeni.dev\/es\/contacto\/\">contact us<\/a>.<\/strong><\/p>\n","protected":false},"excerpt":{"rendered":"<p>Llanas para resinas Dise\u00f1adas para ofrecer precisi\u00f3n y durabilidad, nuestras paletas para resina son la opci\u00f3n preferida de los instaladores y contratistas profesionales de resina. Dise\u00f1adas espec\u00edficamente para aplicar materiales aglomerados con resina, estas paletas cuentan con una hoja de acero inoxidable lisa y plana que garantiza una distribuci\u00f3n uniforme y un acabado impecable. El &#8230; <a title=\"Llanas para resina\" class=\"read-more\" href=\"https:\/\/tiendaonline.ludeni.dev\/es\/producto\/llanas-para-resina\/\" aria-label=\"Leer m\u00e1s sobre Llanas para resina\">Leer m\u00e1s<\/a><\/p>\n","protected":false},"featured_media":631,"comment_status":"open","ping_status":"closed","template":"","meta":[],"product_brand":[],"product_cat":[71,72,58],"product_tag":[],"class_list":{"0":"post-1413","1":"product","2":"type-product","3":"status-publish","4":"has-post-thumbnail","6":"product_cat-herramientas","7":"product_cat-herramientas-agltuinado-resina","8":"product_cat-sin-categoria","9":"sales-flash-overlay","10":"woocommerce-text-align-center","11":"woocommerce-image-align-center","12":"do-quantity-buttons","14":"first","15":"instock","16":"shipping-taxable","17":"purchasable","18":"product-type-simple"},"_links":{"self":[{"href":"https:\/\/tiendaonline.ludeni.dev\/es\/wp-json\/wp\/v2\/product\/1413","targetHints":{"allow":["GET"]}}],"collection":[{"href":"https:\/\/tiendaonline.ludeni.dev\/es\/wp-json\/wp\/v2\/product"}],"about":[{"href":"https:\/\/tiendaonline.ludeni.dev\/es\/wp-json\/wp\/v2\/types\/product"}],"replies":[{"embeddable":true,"href":"https:\/\/tiendaonline.ludeni.dev\/es\/wp-json\/wp\/v2\/comments?post=1413"}],"wp:featuredmedia":[{"embeddable":true,"href":"https:\/\/tiendaonline.ludeni.dev\/es\/wp-json\/wp\/v2\/media\/631"}],"wp:attachment":[{"href":"https:\/\/tiendaonline.ludeni.dev\/es\/wp-json\/wp\/v2\/media?parent=1413"}],"wp:term":[{"taxonomy":"product_brand","embeddable":true,"href":"https:\/\/tiendaonline.ludeni.dev\/es\/wp-json\/wp\/v2\/product_brand?post=1413"},{"taxonomy":"product_cat","embeddable":true,"href":"https:\/\/tiendaonline.ludeni.dev\/es\/wp-json\/wp\/v2\/product_cat?post=1413"},{"taxonomy":"product_tag","embeddable":true,"href":"https:\/\/tiendaonline.ludeni.dev\/es\/wp-json\/wp\/v2\/product_tag?post=1413"}],"curies":[{"name":"wp","href":"https:\/\/api.w.org\/{rel}","templated":true}]}}