{"id":1338,"date":"2025-12-10T15:33:32","date_gmt":"2025-12-10T15:33:32","guid":{"rendered":"https:\/\/tiendaonline.ludeni.dev\/product\/imprimacion-blanca-para-exteriores-resistente-a-los-alcalis\/"},"modified":"2025-12-10T15:33:32","modified_gmt":"2025-12-10T15:33:32","slug":"imprimacion-blanca-para-exteriores-resistente-a-los-alcalis","status":"publish","type":"product","link":"https:\/\/tiendaonline.ludeni.dev\/es\/producto\/imprimacion-blanca-para-exteriores-resistente-a-los-alcalis\/","title":{"rendered":"Imprimaci\u00f3n blanca para exteriores resistente a los \u00e1lcalis"},"content":{"rendered":"<p>La imprimaci\u00f3n blanca para exteriores resistente a los \u00e1lcalis de Infinity-Effects.es utiliza una emulsi\u00f3n acr\u00edlica modificada con alta resistencia a los \u00e1lcalis como material principal, lo que puede prevenir eficazmente la reacci\u00f3n alcalina de la capa base para evitar que las sales solubles en agua se filtren y la posterior descamaci\u00f3n, que erosionar\u00e1 la pared de la superficie. Puede ahorrar el sistema de acabado y mejorar el rendimiento del sistema terminado<\/p>\n<p>10 kg<\/p>\n<p>cobertura 75 m\u00b2<\/p>\n","protected":false},"excerpt":{"rendered":"<p>La imprimaci\u00f3n blanca para exteriores resistente a los \u00e1lcalis de Infinity-Effects.es utiliza una emulsi\u00f3n acr\u00edlica modificada con alta resistencia a los \u00e1lcalis como material principal, lo que puede prevenir eficazmente la reacci\u00f3n alcalina de la capa base para evitar que las sales solubles en agua se filtren y la posterior descamaci\u00f3n, que erosionar\u00e1 la pared &#8230; <a title=\"Imprimaci\u00f3n blanca para exteriores resistente a los \u00e1lcalis\" class=\"read-more\" href=\"https:\/\/tiendaonline.ludeni.dev\/es\/producto\/imprimacion-blanca-para-exteriores-resistente-a-los-alcalis\/\" aria-label=\"Leer m\u00e1s sobre Imprimaci\u00f3n blanca para exteriores resistente a los \u00e1lcalis\">Leer m\u00e1s<\/a><\/p>\n","protected":false},"featured_media":617,"comment_status":"open","ping_status":"closed","template":"","meta":[],"product_brand":[],"product_cat":[64,70],"product_tag":[],"class_list":{"0":"post-1338","1":"product","2":"type-product","3":"status-publish","4":"has-post-thumbnail","6":"product_cat-espray-granito","7":"product_cat-sistemas","8":"sales-flash-overlay","9":"woocommerce-text-align-center","10":"woocommerce-image-align-center","11":"do-quantity-buttons","13":"first","14":"instock","15":"shipping-taxable","16":"purchasable","17":"product-type-simple"},"_links":{"self":[{"href":"https:\/\/tiendaonline.ludeni.dev\/es\/wp-json\/wp\/v2\/product\/1338","targetHints":{"allow":["GET"]}}],"collection":[{"href":"https:\/\/tiendaonline.ludeni.dev\/es\/wp-json\/wp\/v2\/product"}],"about":[{"href":"https:\/\/tiendaonline.ludeni.dev\/es\/wp-json\/wp\/v2\/types\/product"}],"replies":[{"embeddable":true,"href":"https:\/\/tiendaonline.ludeni.dev\/es\/wp-json\/wp\/v2\/comments?post=1338"}],"wp:featuredmedia":[{"embeddable":true,"href":"https:\/\/tiendaonline.ludeni.dev\/es\/wp-json\/wp\/v2\/media\/617"}],"wp:attachment":[{"href":"https:\/\/tiendaonline.ludeni.dev\/es\/wp-json\/wp\/v2\/media?parent=1338"}],"wp:term":[{"taxonomy":"product_brand","embeddable":true,"href":"https:\/\/tiendaonline.ludeni.dev\/es\/wp-json\/wp\/v2\/product_brand?post=1338"},{"taxonomy":"product_cat","embeddable":true,"href":"https:\/\/tiendaonline.ludeni.dev\/es\/wp-json\/wp\/v2\/product_cat?post=1338"},{"taxonomy":"product_tag","embeddable":true,"href":"https:\/\/tiendaonline.ludeni.dev\/es\/wp-json\/wp\/v2\/product_tag?post=1338"}],"curies":[{"name":"wp","href":"https:\/\/api.w.org\/{rel}","templated":true}]}}