{"id":1331,"date":"2025-12-10T15:33:32","date_gmt":"2025-12-10T15:33:32","guid":{"rendered":"https:\/\/tiendaonline.ludeni.dev\/product\/armourguard\/"},"modified":"2025-12-10T15:33:32","modified_gmt":"2025-12-10T15:33:32","slug":"armourguard","status":"publish","type":"product","link":"https:\/\/tiendaonline.ludeni.dev\/es\/producto\/armourguard\/","title":{"rendered":"Armourguard"},"content":{"rendered":"<p>Armourguard de Infinity Effects<br \/>\nInfinity-Effects.es Armourguard\u2122 proporciona una protecci\u00f3n excepcional contra el clima, la limpieza frecuente o el desgaste intenso.<\/p>\n<p>El producto es un recubrimiento de uretano acr\u00edlico al agua de dos componentes. Combina la tecnolog\u00eda de emulsi\u00f3n acr\u00edlica con la qu\u00edmica de poliuretano convencional. Este recubrimiento ofrece la durabilidad y las cualidades de aplicaci\u00f3n de los recubrimientos convencionales de dos componentes, al tiempo que mantiene el respeto por el medio ambiente y la salud de las soluciones a base de agua, completamente libre de compuestos org\u00e1nicos vol\u00e1tiles (COV) y otros ingredientes peligrosos.<\/p>\n<p>Sus clientes se beneficiar\u00e1n de la durabilidad adicional de Infinity-Effects.es Armourguard\u2122 para su piedra pulverizada, granito pulverizado u otros acabados personalizados. Los aplicadores se benefician de superficies m\u00e1s duraderas que resisten lo que se les eche durante a\u00f1os.<\/p>\n","protected":false},"excerpt":{"rendered":"<p>Armourguard de Infinity Effects Infinity-Effects.es Armourguard\u2122 proporciona una protecci\u00f3n excepcional contra el clima, la limpieza frecuente o el desgaste intenso. El producto es un recubrimiento de uretano acr\u00edlico al agua de dos componentes. Combina la tecnolog\u00eda de emulsi\u00f3n acr\u00edlica con la qu\u00edmica de poliuretano convencional. Este recubrimiento ofrece la durabilidad y las cualidades de aplicaci\u00f3n &#8230; <a title=\"Armourguard\" class=\"read-more\" href=\"https:\/\/tiendaonline.ludeni.dev\/es\/producto\/armourguard\/\" aria-label=\"Leer m\u00e1s sobre Armourguard\">Leer m\u00e1s<\/a><\/p>\n","protected":false},"featured_media":595,"comment_status":"open","ping_status":"closed","template":"","meta":[],"product_brand":[],"product_cat":[59,69],"product_tag":[],"class_list":{"0":"post-1331","1":"product","2":"type-product","3":"status-publish","4":"has-post-thumbnail","6":"product_cat-encimeras","7":"product_cat-espray-de-piedra","8":"sales-flash-overlay","9":"woocommerce-text-align-center","10":"woocommerce-image-align-center","11":"do-quantity-buttons","13":"first","14":"instock","15":"shipping-taxable","16":"purchasable","17":"product-type-variable"},"_links":{"self":[{"href":"https:\/\/tiendaonline.ludeni.dev\/es\/wp-json\/wp\/v2\/product\/1331","targetHints":{"allow":["GET"]}}],"collection":[{"href":"https:\/\/tiendaonline.ludeni.dev\/es\/wp-json\/wp\/v2\/product"}],"about":[{"href":"https:\/\/tiendaonline.ludeni.dev\/es\/wp-json\/wp\/v2\/types\/product"}],"replies":[{"embeddable":true,"href":"https:\/\/tiendaonline.ludeni.dev\/es\/wp-json\/wp\/v2\/comments?post=1331"}],"wp:featuredmedia":[{"embeddable":true,"href":"https:\/\/tiendaonline.ludeni.dev\/es\/wp-json\/wp\/v2\/media\/595"}],"wp:attachment":[{"href":"https:\/\/tiendaonline.ludeni.dev\/es\/wp-json\/wp\/v2\/media?parent=1331"}],"wp:term":[{"taxonomy":"product_brand","embeddable":true,"href":"https:\/\/tiendaonline.ludeni.dev\/es\/wp-json\/wp\/v2\/product_brand?post=1331"},{"taxonomy":"product_cat","embeddable":true,"href":"https:\/\/tiendaonline.ludeni.dev\/es\/wp-json\/wp\/v2\/product_cat?post=1331"},{"taxonomy":"product_tag","embeddable":true,"href":"https:\/\/tiendaonline.ludeni.dev\/es\/wp-json\/wp\/v2\/product_tag?post=1331"}],"curies":[{"name":"wp","href":"https:\/\/api.w.org\/{rel}","templated":true}]}}