{"id":1323,"date":"2025-12-10T15:33:32","date_gmt":"2025-12-10T15:33:32","guid":{"rendered":"https:\/\/tiendaonline.ludeni.dev\/product\/spray-granite\/"},"modified":"2025-12-10T15:33:32","modified_gmt":"2025-12-10T15:33:32","slug":"spray-granite","status":"publish","type":"product","link":"https:\/\/tiendaonline.ludeni.dev\/es\/producto\/spray-granite\/","title":{"rendered":"Spray Granite\u2122"},"content":{"rendered":"<p>El sistema Spray Granite\u2122 de Infinity-Effects.es permite aplicar f\u00e1cilmente efectos de granito a una amplia gama de superficies.<\/p>\n<p>El producto tiene propiedades antiroturas, de gran resistencia y es impermeable. Se aplica f\u00e1cilmente pulverizando a corta distancia. El sistema Spray Granite\u2122 de Infinity-Effects.es permite aplicar f\u00e1cilmente efectos de granito a una amplia gama de superficies.<\/p>\n<p>Los clientes se benefician de la rentabilidad del granito pulverizado, que ofrece un acabado superior por menos del precio del granito natural. Los aplicadores se benefician de los r\u00e1pidos tiempos de aplicaci\u00f3n, la larga durabilidad del producto y el potencial para crear acabados \u00fanicos y hermosos.<\/p>\n<p>Usos del Spray Granite<\/p>\n<p>El granito pulverizado se puede aplicar a casi cualquier superficie, incluyendo:<br \/>\nParedes exteriores, paredes interiores, paredes de ba\u00f1os, suelos de garajes, suelos decorativos, suelos de ba\u00f1os, suelos exteriores, encimeras de cocina, puertas, marcos de ventanas, tuber\u00edas de PVC, lavabos o azulejos de cer\u00e1mica, vigas met\u00e1licas, escalones, mostradores de recepci\u00f3n, terrazas de madera y mucho m\u00e1s.<\/p>\n<p>Disponible en 1L y 10L<\/p>\n","protected":false},"excerpt":{"rendered":"<p>El sistema Spray Granite\u2122 de Infinity-Effects.es permite aplicar f\u00e1cilmente efectos de granito a una amplia gama de superficies. El producto tiene propiedades antiroturas, de gran resistencia y es impermeable. Se aplica f\u00e1cilmente pulverizando a corta distancia. El sistema Spray Granite\u2122 de Infinity-Effects.es permite aplicar f\u00e1cilmente efectos de granito a una amplia gama de superficies. Los &#8230; <a title=\"Spray Granite\u2122\" class=\"read-more\" href=\"https:\/\/tiendaonline.ludeni.dev\/es\/producto\/spray-granite\/\" aria-label=\"Leer m\u00e1s sobre Spray Granite\u2122\">Leer m\u00e1s<\/a><\/p>\n","protected":false},"featured_media":1317,"comment_status":"open","ping_status":"closed","template":"","meta":[],"product_brand":[],"product_cat":[59,70],"product_tag":[],"class_list":{"0":"post-1323","1":"product","2":"type-product","3":"status-publish","4":"has-post-thumbnail","6":"product_cat-encimeras","7":"product_cat-sistemas","8":"sales-flash-overlay","9":"woocommerce-text-align-center","10":"woocommerce-image-align-center","11":"do-quantity-buttons","13":"first","14":"instock","15":"shipping-taxable","16":"purchasable","17":"product-type-variable"},"_links":{"self":[{"href":"https:\/\/tiendaonline.ludeni.dev\/es\/wp-json\/wp\/v2\/product\/1323","targetHints":{"allow":["GET"]}}],"collection":[{"href":"https:\/\/tiendaonline.ludeni.dev\/es\/wp-json\/wp\/v2\/product"}],"about":[{"href":"https:\/\/tiendaonline.ludeni.dev\/es\/wp-json\/wp\/v2\/types\/product"}],"replies":[{"embeddable":true,"href":"https:\/\/tiendaonline.ludeni.dev\/es\/wp-json\/wp\/v2\/comments?post=1323"}],"wp:featuredmedia":[{"embeddable":true,"href":"https:\/\/tiendaonline.ludeni.dev\/es\/wp-json\/wp\/v2\/media\/1317"}],"wp:attachment":[{"href":"https:\/\/tiendaonline.ludeni.dev\/es\/wp-json\/wp\/v2\/media?parent=1323"}],"wp:term":[{"taxonomy":"product_brand","embeddable":true,"href":"https:\/\/tiendaonline.ludeni.dev\/es\/wp-json\/wp\/v2\/product_brand?post=1323"},{"taxonomy":"product_cat","embeddable":true,"href":"https:\/\/tiendaonline.ludeni.dev\/es\/wp-json\/wp\/v2\/product_cat?post=1323"},{"taxonomy":"product_tag","embeddable":true,"href":"https:\/\/tiendaonline.ludeni.dev\/es\/wp-json\/wp\/v2\/product_tag?post=1323"}],"curies":[{"name":"wp","href":"https:\/\/api.w.org\/{rel}","templated":true}]}}