{"id":1320,"date":"2025-12-10T15:33:32","date_gmt":"2025-12-10T15:33:32","guid":{"rendered":"https:\/\/tiendaonline.ludeni.dev\/product\/sistema-infinity-effects-spray-stone\/"},"modified":"2025-12-10T15:33:32","modified_gmt":"2025-12-10T15:33:32","slug":"sistema-infinity-effects-spray-stone","status":"publish","type":"product","link":"https:\/\/tiendaonline.ludeni.dev\/es\/producto\/sistema-infinity-effects-spray-stone\/","title":{"rendered":"Sistema Infinity-Effects Spray Stone\u2122"},"content":{"rendered":"<p>Sistema Spray Stone de Infinity-Effects<br \/>\nEl sistema Infinity-Effects Spray Stone\u2122 es una soluci\u00f3n avanzada para revestimientos de piedra.<\/p>\n<p>El producto tiene propiedades antiroturas, de gran resistencia y es impermeable. Se aplica f\u00e1cilmente pulverizando a corta distancia. El producto tambi\u00e9n es de secado r\u00e1pido, no t\u00f3xico y vers\u00e1til para su aplicaci\u00f3n en una amplia gama de superficies. La aplicaci\u00f3n de varias capas del producto permite obtener un acabado similar a la piedra que se puede lijar o dejar en bruto.<\/p>\n<p>Los clientes se benefician de la rentabilidad de la piedra pulverizada, que ofrece un acabado elegante por menos del precio de la piedra real. Los aplicadores se benefician de los r\u00e1pidos tiempos de aplicaci\u00f3n, la larga durabilidad del producto y el potencial para crear acabados \u00fanicos y hermosos.<\/p>\n<p>Aplicaciones:<br \/>\nLa piedra pulverizada se puede aplicar a casi cualquier superficie, incluyendo:<\/p>\n<p>Paredes exteriores, paredes interiores, paredes de ba\u00f1os, paredes decorativas<\/p>\n<p>Columnas y pilares, ladrillos, hormig\u00f3n, madera, UPVC, revoco<\/p>\n<p>Zonas de estar exteriores, puertas y mucho m\u00e1s.<\/p>\n","protected":false},"excerpt":{"rendered":"<p>Sistema Spray Stone de Infinity-Effects El sistema Infinity-Effects Spray Stone\u2122 es una soluci\u00f3n avanzada para revestimientos de piedra. El producto tiene propiedades antiroturas, de gran resistencia y es impermeable. Se aplica f\u00e1cilmente pulverizando a corta distancia. El producto tambi\u00e9n es de secado r\u00e1pido, no t\u00f3xico y vers\u00e1til para su aplicaci\u00f3n en una amplia gama de &#8230; <a title=\"Sistema Infinity-Effects Spray Stone\u2122\" class=\"read-more\" href=\"https:\/\/tiendaonline.ludeni.dev\/es\/producto\/sistema-infinity-effects-spray-stone\/\" aria-label=\"Leer m\u00e1s sobre Sistema Infinity-Effects Spray Stone\u2122\">Leer m\u00e1s<\/a><\/p>\n","protected":false},"featured_media":637,"comment_status":"open","ping_status":"closed","template":"","meta":[],"product_brand":[],"product_cat":[69,70],"product_tag":[],"class_list":{"0":"post-1320","1":"product","2":"type-product","3":"status-publish","4":"has-post-thumbnail","6":"product_cat-espray-de-piedra","7":"product_cat-sistemas","8":"sales-flash-overlay","9":"woocommerce-text-align-center","10":"woocommerce-image-align-center","11":"do-quantity-buttons","13":"first","14":"instock","15":"shipping-taxable","16":"purchasable","17":"product-type-simple"},"_links":{"self":[{"href":"https:\/\/tiendaonline.ludeni.dev\/es\/wp-json\/wp\/v2\/product\/1320","targetHints":{"allow":["GET"]}}],"collection":[{"href":"https:\/\/tiendaonline.ludeni.dev\/es\/wp-json\/wp\/v2\/product"}],"about":[{"href":"https:\/\/tiendaonline.ludeni.dev\/es\/wp-json\/wp\/v2\/types\/product"}],"replies":[{"embeddable":true,"href":"https:\/\/tiendaonline.ludeni.dev\/es\/wp-json\/wp\/v2\/comments?post=1320"}],"wp:featuredmedia":[{"embeddable":true,"href":"https:\/\/tiendaonline.ludeni.dev\/es\/wp-json\/wp\/v2\/media\/637"}],"wp:attachment":[{"href":"https:\/\/tiendaonline.ludeni.dev\/es\/wp-json\/wp\/v2\/media?parent=1320"}],"wp:term":[{"taxonomy":"product_brand","embeddable":true,"href":"https:\/\/tiendaonline.ludeni.dev\/es\/wp-json\/wp\/v2\/product_brand?post=1320"},{"taxonomy":"product_cat","embeddable":true,"href":"https:\/\/tiendaonline.ludeni.dev\/es\/wp-json\/wp\/v2\/product_cat?post=1320"},{"taxonomy":"product_tag","embeddable":true,"href":"https:\/\/tiendaonline.ludeni.dev\/es\/wp-json\/wp\/v2\/product_tag?post=1320"}],"curies":[{"name":"wp","href":"https:\/\/api.w.org\/{rel}","templated":true}]}}