{"id":1315,"date":"2025-12-10T15:33:32","date_gmt":"2025-12-10T15:33:32","guid":{"rendered":"https:\/\/tiendaonline.ludeni.dev\/product\/barniz-de-poliuretano-infinity-effects\/"},"modified":"2025-12-10T15:33:32","modified_gmt":"2025-12-10T15:33:32","slug":"barniz-de-poliuretano-infinity-effects","status":"publish","type":"product","link":"https:\/\/tiendaonline.ludeni.dev\/es\/producto\/barniz-de-poliuretano-infinity-effects\/","title":{"rendered":"Barniz de poliuretano Infinity-Effects"},"content":{"rendered":"<p>Presentamos el barniz de poliuretano Infinity-Effects.es PU Topcoat\u2122, un producto auxiliar especializado dise\u00f1ado para su uso con el sistema de granito y piedra en aerosol Infinity-Effects.es. Este sellador de acabado transparente y resistente a los rayos UV proporciona un acabado de alto brillo con una notable retenci\u00f3n del brillo. El barniz de poliuretano Infinity-Effects.es PU Topcoat\u2122 act\u00faa como una capa protectora, previniendo eficazmente la acumulaci\u00f3n de polvo y suciedad en diversas superficies. Con su resistencia a los \u00e1lcalis y a los rayos UV, se convierte en una soluci\u00f3n ideal para revestimientos de paredes exteriores en entornos expuestos a la intemperie. Al extender la vida \u00fatil del revestimiento y preservar la integridad de las paredes, esta capa superior garantiza una protecci\u00f3n duradera.<\/p>\n<p>Tama\u00f1o: 10 kg<\/p>\n","protected":false},"excerpt":{"rendered":"<p>Presentamos el barniz de poliuretano Infinity-Effects.es PU Topcoat\u2122, un producto auxiliar especializado dise\u00f1ado para su uso con el sistema de granito y piedra en aerosol Infinity-Effects.es. Este sellador de acabado transparente y resistente a los rayos UV proporciona un acabado de alto brillo con una notable retenci\u00f3n del brillo. El barniz de poliuretano Infinity-Effects.es PU &#8230; <a title=\"Barniz de poliuretano Infinity-Effects\" class=\"read-more\" href=\"https:\/\/tiendaonline.ludeni.dev\/es\/producto\/barniz-de-poliuretano-infinity-effects\/\" aria-label=\"Leer m\u00e1s sobre Barniz de poliuretano Infinity-Effects\">Leer m\u00e1s<\/a><\/p>\n","protected":false},"featured_media":1314,"comment_status":"open","ping_status":"closed","template":"","meta":[],"product_brand":[],"product_cat":[64,69,67],"product_tag":[],"class_list":{"0":"post-1315","1":"product","2":"type-product","3":"status-publish","4":"has-post-thumbnail","6":"product_cat-espray-granito","7":"product_cat-espray-de-piedra","8":"product_cat-pintura","9":"sales-flash-overlay","10":"woocommerce-text-align-center","11":"woocommerce-image-align-center","12":"do-quantity-buttons","14":"first","15":"instock","16":"shipping-taxable","17":"purchasable","18":"product-type-simple"},"_links":{"self":[{"href":"https:\/\/tiendaonline.ludeni.dev\/es\/wp-json\/wp\/v2\/product\/1315","targetHints":{"allow":["GET"]}}],"collection":[{"href":"https:\/\/tiendaonline.ludeni.dev\/es\/wp-json\/wp\/v2\/product"}],"about":[{"href":"https:\/\/tiendaonline.ludeni.dev\/es\/wp-json\/wp\/v2\/types\/product"}],"replies":[{"embeddable":true,"href":"https:\/\/tiendaonline.ludeni.dev\/es\/wp-json\/wp\/v2\/comments?post=1315"}],"wp:featuredmedia":[{"embeddable":true,"href":"https:\/\/tiendaonline.ludeni.dev\/es\/wp-json\/wp\/v2\/media\/1314"}],"wp:attachment":[{"href":"https:\/\/tiendaonline.ludeni.dev\/es\/wp-json\/wp\/v2\/media?parent=1315"}],"wp:term":[{"taxonomy":"product_brand","embeddable":true,"href":"https:\/\/tiendaonline.ludeni.dev\/es\/wp-json\/wp\/v2\/product_brand?post=1315"},{"taxonomy":"product_cat","embeddable":true,"href":"https:\/\/tiendaonline.ludeni.dev\/es\/wp-json\/wp\/v2\/product_cat?post=1315"},{"taxonomy":"product_tag","embeddable":true,"href":"https:\/\/tiendaonline.ludeni.dev\/es\/wp-json\/wp\/v2\/product_tag?post=1315"}],"curies":[{"name":"wp","href":"https:\/\/api.w.org\/{rel}","templated":true}]}}