{"id":1313,"date":"2025-12-10T15:33:32","date_gmt":"2025-12-10T15:33:32","guid":{"rendered":"https:\/\/tiendaonline.ludeni.dev\/product\/colores-y-acabados-de-granito-en-aerosol\/"},"modified":"2025-12-10T15:33:32","modified_gmt":"2025-12-10T15:33:32","slug":"colores-y-acabados-de-granito-en-aerosol","status":"publish","type":"product","link":"https:\/\/tiendaonline.ludeni.dev\/es\/producto\/colores-y-acabados-de-granito-en-aerosol\/","title":{"rendered":"Colores y acabados de granito en aerosol"},"content":{"rendered":"<p>El sistema de granito en aerosol est\u00e1 disponible en 22 colores diferentes.<\/p>\n<p>La gama abarca desde tonos grises modernos hasta tintes marrones tradicionales, y todo lo dem\u00e1s, incluidos rojos brillantes, azules, amarillos y m\u00e1s.<\/p>\n<p>Cada uno de los 22 colores se puede combinar con varios tonos de fondo para crear un n\u00famero infinito de superficies \u00fanicas y dise\u00f1adas a medida. El granito en aerosol tambi\u00e9n viene en una variedad de acabados: se puede instalar en satinado, brillante o mate. <\/p>\n<p>Cuando se aplica, las escamas de granito real proporcionan una textura ligeramente rugosa a la superficie, que se puede lijar para obtener un acabado liso.<\/p>\n","protected":false},"excerpt":{"rendered":"<p>El sistema de granito en aerosol est\u00e1 disponible en 22 colores diferentes. La gama abarca desde tonos grises modernos hasta tintes marrones tradicionales, y todo lo dem\u00e1s, incluidos rojos brillantes, azules, amarillos y m\u00e1s. Cada uno de los 22 colores se puede combinar con varios tonos de fondo para crear un n\u00famero infinito de superficies &#8230; <a title=\"Colores y acabados de granito en aerosol\" class=\"read-more\" href=\"https:\/\/tiendaonline.ludeni.dev\/es\/producto\/colores-y-acabados-de-granito-en-aerosol\/\" aria-label=\"Leer m\u00e1s sobre Colores y acabados de granito en aerosol\">Leer m\u00e1s<\/a><\/p>\n","protected":false},"featured_media":1419,"comment_status":"open","ping_status":"closed","template":"","meta":[],"product_brand":[],"product_cat":[59,70],"product_tag":[],"class_list":{"0":"post-1313","1":"product","2":"type-product","3":"status-publish","4":"has-post-thumbnail","6":"product_cat-encimeras","7":"product_cat-sistemas","8":"sales-flash-overlay","9":"woocommerce-text-align-center","10":"woocommerce-image-align-center","11":"do-quantity-buttons","13":"first","14":"instock","15":"shipping-taxable","16":"purchasable","17":"product-type-simple"},"_links":{"self":[{"href":"https:\/\/tiendaonline.ludeni.dev\/es\/wp-json\/wp\/v2\/product\/1313","targetHints":{"allow":["GET"]}}],"collection":[{"href":"https:\/\/tiendaonline.ludeni.dev\/es\/wp-json\/wp\/v2\/product"}],"about":[{"href":"https:\/\/tiendaonline.ludeni.dev\/es\/wp-json\/wp\/v2\/types\/product"}],"replies":[{"embeddable":true,"href":"https:\/\/tiendaonline.ludeni.dev\/es\/wp-json\/wp\/v2\/comments?post=1313"}],"wp:featuredmedia":[{"embeddable":true,"href":"https:\/\/tiendaonline.ludeni.dev\/es\/wp-json\/wp\/v2\/media\/1419"}],"wp:attachment":[{"href":"https:\/\/tiendaonline.ludeni.dev\/es\/wp-json\/wp\/v2\/media?parent=1313"}],"wp:term":[{"taxonomy":"product_brand","embeddable":true,"href":"https:\/\/tiendaonline.ludeni.dev\/es\/wp-json\/wp\/v2\/product_brand?post=1313"},{"taxonomy":"product_cat","embeddable":true,"href":"https:\/\/tiendaonline.ludeni.dev\/es\/wp-json\/wp\/v2\/product_cat?post=1313"},{"taxonomy":"product_tag","embeddable":true,"href":"https:\/\/tiendaonline.ludeni.dev\/es\/wp-json\/wp\/v2\/product_tag?post=1313"}],"curies":[{"name":"wp","href":"https:\/\/api.w.org\/{rel}","templated":true}]}}