{"id":1309,"date":"2025-12-10T15:33:33","date_gmt":"2025-12-10T15:33:33","guid":{"rendered":"https:\/\/tiendaonline.ludeni.dev\/product\/olla-a-presion-de-10-l-con-pistola-rociadora\/"},"modified":"2025-12-10T15:33:33","modified_gmt":"2025-12-10T15:33:33","slug":"olla-a-presion-de-10-l-con-pistola-rociadora","status":"publish","type":"product","link":"https:\/\/tiendaonline.ludeni.dev\/es\/producto\/olla-a-presion-de-10-l-con-pistola-rociadora\/","title":{"rendered":"Olla a presi\u00f3n de 10 l con pistola rociadora"},"content":{"rendered":"<p>Olla a presi\u00f3n de 10 l con pistola rociadora: sistema de recubrimiento profesional<\/p>\n<p>Este sistema de olla a presi\u00f3n de 10 litros y pistola rociadora est\u00e1 dise\u00f1ado para una aplicaci\u00f3n de material consistente y de alto volumen en una amplia gama de tareas de recubrimiento industrial y comercial. Ideal para usar con pinturas, lacas, tintes y otros materiales pulverizables. La configuraci\u00f3n ofrece un acabado de rociado uniforme y controlado, al tiempo que reduce el tiempo de inactividad por recargas.<\/p>\n<p>Especificaciones t\u00e9cnicas:<\/p>\n<p>Capacidad del tanque: 10 litros (2,5 galones)<\/p>\n<p>Compatibilidad del material: adecuado para recubrimientos a base de disolventes y a base de agua<\/p>\n<p>Construcci\u00f3n: Olla a presi\u00f3n de acero resistente con revestimiento resistente a la corrosi\u00f3n<\/p>\n<p>Presi\u00f3n de trabajo: Ajustable, normalmente hasta 60 psi (consulte las especificaciones de la pistola)<\/p>\n<p>Entrada de aire: 1\/4&#8243; BSP<\/p>\n<p>Salida de fluido: 3\/8&#8243; BSP<\/p>\n<p>Tipo de pistola rociadora: Alimentaci\u00f3n por gravedad o succi\u00f3n (seg\u00fan la configuraci\u00f3n) con patr\u00f3n de abanico ajustable y control de fluido<\/p>\n<p>Incluye: Regulador, man\u00f3metro, l\u00edneas de fluido y aire.<\/p>\n<p>Caracter\u00edsticas clave<\/p>\n<p>Proporciona un flujo de material constante para aplicaciones de rociado a gran escala<\/p>\n<p>Reduce la necesidad de recargas frecuentes con una generosa capacidad de 10 l<\/p>\n<p>Compatible con una variedad de materiales de recubrimiento<\/p>\n<p>Control de presi\u00f3n de precisi\u00f3n para una atomizaci\u00f3n y una calidad de acabado \u00f3ptimas<\/p>\n<p>Adecuado para acabados automotrices, de carpinter\u00eda, marinos e industriales.<\/p>\n","protected":false},"excerpt":{"rendered":"<p>Olla a presi\u00f3n de 10 l con pistola rociadora: sistema de recubrimiento profesional Este sistema de olla a presi\u00f3n de 10 litros y pistola rociadora est\u00e1 dise\u00f1ado para una aplicaci\u00f3n de material consistente y de alto volumen en una amplia gama de tareas de recubrimiento industrial y comercial. Ideal para usar con pinturas, lacas, tintes &#8230; <a title=\"Olla a presi\u00f3n de 10 l con pistola rociadora\" class=\"read-more\" href=\"https:\/\/tiendaonline.ludeni.dev\/es\/producto\/olla-a-presion-de-10-l-con-pistola-rociadora\/\" aria-label=\"Leer m\u00e1s sobre Olla a presi\u00f3n de 10 l con pistola rociadora\">Leer m\u00e1s<\/a><\/p>\n","protected":false},"featured_media":623,"comment_status":"open","ping_status":"closed","template":"","meta":[],"product_brand":[],"product_cat":[64,69,71,67],"product_tag":[],"class_list":{"0":"post-1309","1":"product","2":"type-product","3":"status-publish","4":"has-post-thumbnail","6":"product_cat-espray-granito","7":"product_cat-espray-de-piedra","8":"product_cat-herramientas","9":"product_cat-pintura","10":"sales-flash-overlay","11":"woocommerce-text-align-center","12":"woocommerce-image-align-center","13":"do-quantity-buttons","15":"first","16":"instock","17":"shipping-taxable","18":"purchasable","19":"product-type-simple"},"_links":{"self":[{"href":"https:\/\/tiendaonline.ludeni.dev\/es\/wp-json\/wp\/v2\/product\/1309","targetHints":{"allow":["GET"]}}],"collection":[{"href":"https:\/\/tiendaonline.ludeni.dev\/es\/wp-json\/wp\/v2\/product"}],"about":[{"href":"https:\/\/tiendaonline.ludeni.dev\/es\/wp-json\/wp\/v2\/types\/product"}],"replies":[{"embeddable":true,"href":"https:\/\/tiendaonline.ludeni.dev\/es\/wp-json\/wp\/v2\/comments?post=1309"}],"wp:featuredmedia":[{"embeddable":true,"href":"https:\/\/tiendaonline.ludeni.dev\/es\/wp-json\/wp\/v2\/media\/623"}],"wp:attachment":[{"href":"https:\/\/tiendaonline.ludeni.dev\/es\/wp-json\/wp\/v2\/media?parent=1309"}],"wp:term":[{"taxonomy":"product_brand","embeddable":true,"href":"https:\/\/tiendaonline.ludeni.dev\/es\/wp-json\/wp\/v2\/product_brand?post=1309"},{"taxonomy":"product_cat","embeddable":true,"href":"https:\/\/tiendaonline.ludeni.dev\/es\/wp-json\/wp\/v2\/product_cat?post=1309"},{"taxonomy":"product_tag","embeddable":true,"href":"https:\/\/tiendaonline.ludeni.dev\/es\/wp-json\/wp\/v2\/product_tag?post=1309"}],"curies":[{"name":"wp","href":"https:\/\/api.w.org\/{rel}","templated":true}]}}