{"id":1307,"date":"2025-12-10T15:33:33","date_gmt":"2025-12-10T15:33:33","guid":{"rendered":"https:\/\/tiendaonline.ludeni.dev\/product\/film-de-enmascarar-preencintado\/"},"modified":"2025-12-10T15:33:33","modified_gmt":"2025-12-10T15:33:33","slug":"film-de-enmascarar-preencintado","status":"publish","type":"product","link":"https:\/\/tiendaonline.ludeni.dev\/es\/producto\/film-de-enmascarar-preencintado\/","title":{"rendered":"Film de enmascarar preencintado"},"content":{"rendered":"<p>Film de enmascarar preencintado: 20&#8243; o 40&#8243; x 64&#8242;<\/p>\n<p>Proteja las superficies de forma r\u00e1pida y eficiente con este film de enmascarar autoadhesivo preencintado. Ideal para trabajos de pintura, pulverizaci\u00f3n o renovaci\u00f3n. Se adhiere de forma segura a paredes, ventanas, molduras y m\u00e1s, lo que le ayuda a lograr resultados limpios y profesionales con menos suciedad.<\/p>\n<p>Disponible en anchos de 20&#8243; o 40&#8243; para adaptarse a una variedad de tareas.<\/p>\n<p>Caracter\u00edsticas principales<\/p>\n<p>Preencintado con borde autoadhesivo para una aplicaci\u00f3n r\u00e1pida<\/p>\n<p>Se adhiere a las superficies para evitar que la pintura se corra o la pulverizaci\u00f3n excesiva<\/p>\n<p>Disponible en rollos de 20&#8243; o 40&#8243; x 64&#8242;<\/p>\n<p>Ideal para enmascarar paredes, ventanas, molduras y muebles<\/p>\n<p>Ahorra tiempo y reduce la limpieza.<\/p>\n","protected":false},"excerpt":{"rendered":"<p>Film de enmascarar preencintado: 20&#8243; o 40&#8243; x 64&#8242; Proteja las superficies de forma r\u00e1pida y eficiente con este film de enmascarar autoadhesivo preencintado. Ideal para trabajos de pintura, pulverizaci\u00f3n o renovaci\u00f3n. Se adhiere de forma segura a paredes, ventanas, molduras y m\u00e1s, lo que le ayuda a lograr resultados limpios y profesionales con menos &#8230; <a title=\"Film de enmascarar preencintado\" class=\"read-more\" href=\"https:\/\/tiendaonline.ludeni.dev\/es\/producto\/film-de-enmascarar-preencintado\/\" aria-label=\"Leer m\u00e1s sobre Film de enmascarar preencintado\">Leer m\u00e1s<\/a><\/p>\n","protected":false},"featured_media":0,"comment_status":"open","ping_status":"closed","template":"","meta":[],"product_brand":[],"product_cat":[71,72],"product_tag":[],"class_list":{"0":"post-1307","1":"product","2":"type-product","3":"status-publish","5":"product_cat-herramientas","6":"product_cat-herramientas-agltuinado-resina","7":"sales-flash-overlay","8":"woocommerce-text-align-center","9":"woocommerce-image-align-center","10":"do-quantity-buttons","12":"first","13":"instock","14":"shipping-taxable","15":"purchasable","16":"product-type-simple"},"_links":{"self":[{"href":"https:\/\/tiendaonline.ludeni.dev\/es\/wp-json\/wp\/v2\/product\/1307","targetHints":{"allow":["GET"]}}],"collection":[{"href":"https:\/\/tiendaonline.ludeni.dev\/es\/wp-json\/wp\/v2\/product"}],"about":[{"href":"https:\/\/tiendaonline.ludeni.dev\/es\/wp-json\/wp\/v2\/types\/product"}],"replies":[{"embeddable":true,"href":"https:\/\/tiendaonline.ludeni.dev\/es\/wp-json\/wp\/v2\/comments?post=1307"}],"wp:attachment":[{"href":"https:\/\/tiendaonline.ludeni.dev\/es\/wp-json\/wp\/v2\/media?parent=1307"}],"wp:term":[{"taxonomy":"product_brand","embeddable":true,"href":"https:\/\/tiendaonline.ludeni.dev\/es\/wp-json\/wp\/v2\/product_brand?post=1307"},{"taxonomy":"product_cat","embeddable":true,"href":"https:\/\/tiendaonline.ludeni.dev\/es\/wp-json\/wp\/v2\/product_cat?post=1307"},{"taxonomy":"product_tag","embeddable":true,"href":"https:\/\/tiendaonline.ludeni.dev\/es\/wp-json\/wp\/v2\/product_tag?post=1307"}],"curies":[{"name":"wp","href":"https:\/\/api.w.org\/{rel}","templated":true}]}}