{"id":1305,"date":"2025-12-10T15:33:33","date_gmt":"2025-12-10T15:33:33","guid":{"rendered":"https:\/\/tiendaonline.ludeni.dev\/product\/kit-de-inicio-de-pistola-hvlp-para-granito-pulverizado\/"},"modified":"2025-12-10T15:33:33","modified_gmt":"2025-12-10T15:33:33","slug":"kit-de-inicio-de-pistola-hvlp-para-granito-pulverizado","status":"publish","type":"product","link":"https:\/\/tiendaonline.ludeni.dev\/es\/producto\/kit-de-inicio-de-pistola-hvlp-para-granito-pulverizado\/","title":{"rendered":"Kit de inicio de pistola HVLP para granito pulverizado"},"content":{"rendered":"<p>Kit de inicio de pistola HVLP para granito pulverizado Infinity Effects con 1 bote adicional y 4 boquillas intercambiables.<\/p>\n<p>Consiga un acabado impecable y liso con el kit de pistola HVLP, dise\u00f1ado para una alta eficiencia y precisi\u00f3n en cada aplicaci\u00f3n. La tecnolog\u00eda HVLP (alto volumen, baja presi\u00f3n) garantiza un patr\u00f3n de pulverizaci\u00f3n fino y uniforme con una m\u00ednima pulverizaci\u00f3n excesiva, lo que lo hace ideal tanto para proyectos profesionales como de bricolaje. Tanto si trabaja con pinturas, barnices, tintes o revestimientos, este kit ofrece una excelente<br \/>\ncobertura y resultados uniformes en todo momento.<br \/>\n El kit de pistola HVLP incluye todo lo que necesita para una configuraci\u00f3n r\u00e1pida y un uso sencillo. El dise\u00f1o ergon\u00f3mico de la pistola proporciona comodidad durante un uso prolongado, mientras que los ajustes regulables le ofrecen un control total sobre el volumen y el patr\u00f3n de pulverizaci\u00f3n,<br \/>\n lo que le permite personalizar su aplicaci\u00f3n para adaptarla a diferentes materiales y superficies.<br \/>\n Ideal para proyectos de automoci\u00f3n, mobiliario y mejoras para el hogar, este kit es su herramienta ideal para obtener acabados eficientes y de alta calidad.<\/p>\n<p>Caracter\u00edsticas clave<\/p>\n<p>Tecnolog\u00eda HVLP para una pulverizaci\u00f3n fina y uniforme con una m\u00ednima pulverizaci\u00f3n excesiva<br \/>\nAjustes de pulverizaci\u00f3n regulables para un control preciso sobre el volumen, el patr\u00f3n y el acabado<br \/>\nMango ergon\u00f3mico para un uso c\u00f3modo y prolongado<br \/>\nEl kit completo incluye todos los componentes necesarios para su uso inmediato<br \/>\nVers\u00e1til: perfecto para pinturas, tintes, lacas y mucho m\u00e1s<br \/>\nF\u00e1cil de limpiar y mantener para un rendimiento duradero<\/p>\n<p>Perfecto tanto para profesionales como para aficionados al bricolaje, el kit de pistola HVLP le garantiza resultados de calidad profesional en cada proyecto.<\/p>\n","protected":false},"excerpt":{"rendered":"<p>Kit de inicio de pistola HVLP para granito pulverizado Infinity Effects con 1 bote adicional y 4 boquillas intercambiables. Consiga un acabado impecable y liso con el kit de pistola HVLP, dise\u00f1ado para una alta eficiencia y precisi\u00f3n en cada aplicaci\u00f3n. La tecnolog\u00eda HVLP (alto volumen, baja presi\u00f3n) garantiza un patr\u00f3n de pulverizaci\u00f3n fino y &#8230; <a title=\"Kit de inicio de pistola HVLP para granito pulverizado\" class=\"read-more\" href=\"https:\/\/tiendaonline.ludeni.dev\/es\/producto\/kit-de-inicio-de-pistola-hvlp-para-granito-pulverizado\/\" aria-label=\"Leer m\u00e1s sobre Kit de inicio de pistola HVLP para granito pulverizado\">Leer m\u00e1s<\/a><\/p>\n","protected":false},"featured_media":624,"comment_status":"open","ping_status":"closed","template":"","meta":[],"product_brand":[],"product_cat":[64,69,71,67],"product_tag":[],"class_list":{"0":"post-1305","1":"product","2":"type-product","3":"status-publish","4":"has-post-thumbnail","6":"product_cat-espray-granito","7":"product_cat-espray-de-piedra","8":"product_cat-herramientas","9":"product_cat-pintura","10":"sales-flash-overlay","11":"woocommerce-text-align-center","12":"woocommerce-image-align-center","13":"do-quantity-buttons","15":"first","16":"instock","17":"shipping-taxable","18":"purchasable","19":"product-type-simple"},"_links":{"self":[{"href":"https:\/\/tiendaonline.ludeni.dev\/es\/wp-json\/wp\/v2\/product\/1305","targetHints":{"allow":["GET"]}}],"collection":[{"href":"https:\/\/tiendaonline.ludeni.dev\/es\/wp-json\/wp\/v2\/product"}],"about":[{"href":"https:\/\/tiendaonline.ludeni.dev\/es\/wp-json\/wp\/v2\/types\/product"}],"replies":[{"embeddable":true,"href":"https:\/\/tiendaonline.ludeni.dev\/es\/wp-json\/wp\/v2\/comments?post=1305"}],"wp:featuredmedia":[{"embeddable":true,"href":"https:\/\/tiendaonline.ludeni.dev\/es\/wp-json\/wp\/v2\/media\/624"}],"wp:attachment":[{"href":"https:\/\/tiendaonline.ludeni.dev\/es\/wp-json\/wp\/v2\/media?parent=1305"}],"wp:term":[{"taxonomy":"product_brand","embeddable":true,"href":"https:\/\/tiendaonline.ludeni.dev\/es\/wp-json\/wp\/v2\/product_brand?post=1305"},{"taxonomy":"product_cat","embeddable":true,"href":"https:\/\/tiendaonline.ludeni.dev\/es\/wp-json\/wp\/v2\/product_cat?post=1305"},{"taxonomy":"product_tag","embeddable":true,"href":"https:\/\/tiendaonline.ludeni.dev\/es\/wp-json\/wp\/v2\/product_tag?post=1305"}],"curies":[{"name":"wp","href":"https:\/\/api.w.org\/{rel}","templated":true}]}}