{"id":1298,"date":"2025-12-10T15:33:33","date_gmt":"2025-12-10T15:33:33","guid":{"rendered":"https:\/\/tiendaonline.ludeni.dev\/product\/mezclador-de-pintura\/"},"modified":"2026-01-19T17:45:42","modified_gmt":"2026-01-19T17:45:42","slug":"mezclador-de-pintura","status":"publish","type":"product","link":"https:\/\/tiendaonline.ludeni.dev\/es\/producto\/mezclador-de-pintura\/","title":{"rendered":"Mezclador de resina"},"content":{"rendered":"<p>Logra sin esfuerzo la consistencia perfecta de la resina con nuestro Mezclador de Resina, la herramienta esencial tanto para profesionales como para entusiastas del bricolaje. Dise\u00f1ado para mezclar r\u00e1pida y eficientemente todo tipo de resinas, tintes y recubrimientos, este mezclador duradero garantiza una<br \/>\nTextura suave y uniforme sin grumos ni separaci\u00f3n. Ya sea que est\u00e9s trabajando con latas peque\u00f1as o contenedores m\u00e1s grandes, el mezclador de resina ofrece resultados uniformes, ahorr\u00e1ndote tiempo y energ\u00eda mientras previene problemas como el color o la textura inconsistente.<br \/>\nHecho de materiales de alta calidad, el mezclador de resina est\u00e1 dise\u00f1ado para durar, lo que lo hace f\u00e1cil de usar incluso durante sesiones de mezcla prolongadas. Es la soluci\u00f3n ideal para preparar resinas tanto para peque\u00f1os retoques como para proyectos a gran escala.<br \/>\nProyectos.<br \/>\nCaracter\u00edsticas clave:<br \/>\nAcci\u00f3n de mezcla potente para resultados suaves y sin grumos.   <\/p>\n<p>Compatible con todo tipo de pinturas, tintes y recubrimientos.<br \/>\nConstrucci\u00f3n resistente y duradera, dise\u00f1ada para un uso frecuente.<\/p>\n<p>Ideal para contenedores peque\u00f1os y grandes<br \/>\nAhorra tiempo y asegura una textura y color consistentes.<br \/>\nPerfecto para cualquiera que busque optimizar el proceso de mezcla y sacar el m\u00e1ximo provecho de sus pinturas, el mezclador de resina es tu herramienta ideal para obtener resultados impecables y profesionales.<\/p>\n<p>Disponible en 5,5\u00ab de di\u00e1metro x 24\u00bb o 3\u00ab de di\u00e1metro x 15,75\u00bb.<\/p>\n","protected":false},"excerpt":{"rendered":"<p>Consigue sin esfuerzo la consistencia perfecta de la pintura con nuestro mezclador de pintura, la herramienta esencial tanto para profesionales como para aficionados al bricolaje. Dise\u00f1ado para mezclar de forma r\u00e1pida y eficaz todo tipo de pinturas, tintes y revestimientos, este resistente mezclador garantiza una<br \/>\ntextura suave y uniforme, sin grumos ni separaciones. Tanto si trabajas con botes peque\u00f1os como con recipientes m\u00e1s grandes, el mezclador de pintura ofrece resultados uniformes, lo que te ahorra tiempo y energ\u00eda, al tiempo que evita problemas como la inconsistencia del color o la textura.<br \/>\nFabricado con materiales de alta calidad, el mezclador de pintura est\u00e1 dise\u00f1ado para durar, lo que facilita su uso incluso durante sesiones de mezcla prolongadas. Es<br \/>\nla soluci\u00f3n ideal para preparar pinturas tanto para peque\u00f1os retoques como para proyectos a gran escala.<br \/>\nCaracter\u00edsticas principales:<br \/>\nPotente acci\u00f3n de mezcla para obtener resultados uniformes y sin grumos.   <\/p>\n<p>Compatible con todo tipo de pinturas, tintes y recubrimientos.<br \/>\nConstrucci\u00f3n resistente y duradera, dise\u00f1ada para un uso frecuente.<\/p>\n<p>Ideal tanto para recipientes peque\u00f1os como grandes.<br \/>\nAhorra tiempo y garantiza una textura y un color uniformes.<br \/>\nPerfecto para cualquiera que desee agilizar el proceso de mezcla y sacar el m\u00e1ximo partido a sus pinturas, el mezclador de pintura es la herramienta ideal para obtener resultados impecables y profesionales.<\/p>\n<p>Disponible en 5,5\u00ab de di\u00e1metro x 24\u00bb o 3\u00ab de di\u00e1metro x 15,75\u00bb.<\/p>\n","protected":false},"featured_media":1297,"comment_status":"open","ping_status":"closed","template":"","meta":[],"product_brand":[],"product_cat":[64,69,71,72,67,58],"product_tag":[],"class_list":{"0":"post-1298","1":"product","2":"type-product","3":"status-publish","4":"has-post-thumbnail","6":"product_cat-espray-granito","7":"product_cat-espray-de-piedra","8":"product_cat-herramientas","9":"product_cat-herramientas-agltuinado-resina","10":"product_cat-pintura","11":"product_cat-sin-categoria","12":"sales-flash-overlay","13":"woocommerce-text-align-center","14":"woocommerce-image-align-center","15":"do-quantity-buttons","17":"first","18":"instock","19":"shipping-taxable","20":"purchasable","21":"product-type-simple"},"_links":{"self":[{"href":"https:\/\/tiendaonline.ludeni.dev\/es\/wp-json\/wp\/v2\/product\/1298","targetHints":{"allow":["GET"]}}],"collection":[{"href":"https:\/\/tiendaonline.ludeni.dev\/es\/wp-json\/wp\/v2\/product"}],"about":[{"href":"https:\/\/tiendaonline.ludeni.dev\/es\/wp-json\/wp\/v2\/types\/product"}],"replies":[{"embeddable":true,"href":"https:\/\/tiendaonline.ludeni.dev\/es\/wp-json\/wp\/v2\/comments?post=1298"}],"wp:featuredmedia":[{"embeddable":true,"href":"https:\/\/tiendaonline.ludeni.dev\/es\/wp-json\/wp\/v2\/media\/1297"}],"wp:attachment":[{"href":"https:\/\/tiendaonline.ludeni.dev\/es\/wp-json\/wp\/v2\/media?parent=1298"}],"wp:term":[{"taxonomy":"product_brand","embeddable":true,"href":"https:\/\/tiendaonline.ludeni.dev\/es\/wp-json\/wp\/v2\/product_brand?post=1298"},{"taxonomy":"product_cat","embeddable":true,"href":"https:\/\/tiendaonline.ludeni.dev\/es\/wp-json\/wp\/v2\/product_cat?post=1298"},{"taxonomy":"product_tag","embeddable":true,"href":"https:\/\/tiendaonline.ludeni.dev\/es\/wp-json\/wp\/v2\/product_tag?post=1298"}],"curies":[{"name":"wp","href":"https:\/\/api.w.org\/{rel}","templated":true}]}}