{"id":1296,"date":"2025-12-10T15:33:33","date_gmt":"2025-12-10T15:33:33","guid":{"rendered":"https:\/\/tiendaonline.ludeni.dev\/product\/pertiga-telescopica-extensible-de-120-m-a-240-m\/"},"modified":"2025-12-10T15:33:33","modified_gmt":"2025-12-10T15:33:33","slug":"pertiga-telescopica-extensible-de-120-m-a-240-m","status":"publish","type":"product","link":"https:\/\/tiendaonline.ludeni.dev\/es\/producto\/pertiga-telescopica-extensible-de-120-m-a-240-m\/","title":{"rendered":"P\u00e9rtiga telesc\u00f3pica extensible: de 1,20 m a 2,40 m"},"content":{"rendered":"<p>P\u00e9rtiga telesc\u00f3pica extensible: de 1,20 m a 2,40 m<\/p>\n<p>Llegue m\u00e1s alto o m\u00e1s lejos con facilidad gracias a esta p\u00e9rtiga telesc\u00f3pica extensible, ligera y duradera, ajustable de 1,20 m a 2,40 m.<\/p>\n<p>Dise\u00f1ada para ofrecer flexibilidad y control, es ideal para pintar, limpiar, lijar o cualquier tarea en la que se necesite un mayor alcance.<\/p>\n<p>La punta roscada se adapta a la mayor\u00eda de los marcos de rodillos y accesorios de herramientas est\u00e1ndar.<\/p>\n<p>Caracter\u00edsticas clave<\/p>\n<p>Longitud ajustable: se extiende de 1,20 m a 2,40 m para un alcance vers\u00e1til<\/p>\n<p>Construcci\u00f3n ligera pero duradera que reduce la fatiga<\/p>\n<p>Flexible y robusta para un m\u00e1ximo control y estabilidad<\/p>\n<p>Punta roscada est\u00e1ndar compatible con la mayor\u00eda de las herramientas<\/p>\n<p>Ideal para pintar, decorar y realizar tareas de mantenimiento general<\/p>\n<p>\u00a1Fabricada para profesionales, perfecta para aficionados al bricolaje!<\/p>\n","protected":false},"excerpt":{"rendered":"<p>P\u00e9rtiga telesc\u00f3pica extensible: de 1,20 m a 2,40 m Llegue m\u00e1s alto o m\u00e1s lejos con facilidad gracias a esta p\u00e9rtiga telesc\u00f3pica extensible, ligera y duradera, ajustable de 1,20 m a 2,40 m. Dise\u00f1ada para ofrecer flexibilidad y control, es ideal para pintar, limpiar, lijar o cualquier tarea en la que se necesite un mayor &#8230; <a title=\"P\u00e9rtiga telesc\u00f3pica extensible: de 1,20 m a 2,40 m\" class=\"read-more\" href=\"https:\/\/tiendaonline.ludeni.dev\/es\/producto\/pertiga-telescopica-extensible-de-120-m-a-240-m\/\" aria-label=\"Leer m\u00e1s sobre P\u00e9rtiga telesc\u00f3pica extensible: de 1,20 m a 2,40 m\">Leer m\u00e1s<\/a><\/p>\n","protected":false},"featured_media":633,"comment_status":"open","ping_status":"closed","template":"","meta":[],"product_brand":[],"product_cat":[64,69,71,67],"product_tag":[],"class_list":{"0":"post-1296","1":"product","2":"type-product","3":"status-publish","4":"has-post-thumbnail","6":"product_cat-espray-granito","7":"product_cat-espray-de-piedra","8":"product_cat-herramientas","9":"product_cat-pintura","10":"sales-flash-overlay","11":"woocommerce-text-align-center","12":"woocommerce-image-align-center","13":"do-quantity-buttons","15":"first","16":"instock","17":"shipping-taxable","18":"purchasable","19":"product-type-simple"},"_links":{"self":[{"href":"https:\/\/tiendaonline.ludeni.dev\/es\/wp-json\/wp\/v2\/product\/1296","targetHints":{"allow":["GET"]}}],"collection":[{"href":"https:\/\/tiendaonline.ludeni.dev\/es\/wp-json\/wp\/v2\/product"}],"about":[{"href":"https:\/\/tiendaonline.ludeni.dev\/es\/wp-json\/wp\/v2\/types\/product"}],"replies":[{"embeddable":true,"href":"https:\/\/tiendaonline.ludeni.dev\/es\/wp-json\/wp\/v2\/comments?post=1296"}],"wp:featuredmedia":[{"embeddable":true,"href":"https:\/\/tiendaonline.ludeni.dev\/es\/wp-json\/wp\/v2\/media\/633"}],"wp:attachment":[{"href":"https:\/\/tiendaonline.ludeni.dev\/es\/wp-json\/wp\/v2\/media?parent=1296"}],"wp:term":[{"taxonomy":"product_brand","embeddable":true,"href":"https:\/\/tiendaonline.ludeni.dev\/es\/wp-json\/wp\/v2\/product_brand?post=1296"},{"taxonomy":"product_cat","embeddable":true,"href":"https:\/\/tiendaonline.ludeni.dev\/es\/wp-json\/wp\/v2\/product_cat?post=1296"},{"taxonomy":"product_tag","embeddable":true,"href":"https:\/\/tiendaonline.ludeni.dev\/es\/wp-json\/wp\/v2\/product_tag?post=1296"}],"curies":[{"name":"wp","href":"https:\/\/api.w.org\/{rel}","templated":true}]}}