{"id":1294,"date":"2025-12-10T15:33:33","date_gmt":"2025-12-10T15:33:33","guid":{"rendered":"https:\/\/tiendaonline.ludeni.dev\/product\/pulverizador-de-texturas-ism1-infinity-effects\/"},"modified":"2025-12-10T15:33:33","modified_gmt":"2025-12-10T15:33:33","slug":"pulverizador-de-texturas-ism1-infinity-effects","status":"publish","type":"product","link":"https:\/\/tiendaonline.ludeni.dev\/es\/producto\/pulverizador-de-texturas-ism1-infinity-effects\/","title":{"rendered":"Pulverizador de texturas ISM1 Infinity Effects"},"content":{"rendered":"<p>El pulverizador de texturas ISM1 Infinity Effects es una soluci\u00f3n el\u00e9ctrica de alto rendimiento dise\u00f1ada para la aplicaci\u00f3n eficiente de materiales texturizados, como piedra pulverizada, revestimientos de granito y otros.<\/p>\n<p>Impulsado por un robusto motor sin escobillas de 1500 W CC, ofrece un rendimiento potente y constante tanto para proyectos residenciales como comerciales.<\/p>\n<p>Con un caudal vers\u00e1til que oscila entre 0,6 l\/min y 12 l\/min y una presi\u00f3n m\u00e1xima de salida de 20 bar, el ISM1 garantiza precisi\u00f3n y velocidad en todas las aplicaciones. Su dise\u00f1o compacto y resistente incluye un bastidor con todas las funciones, un sistema de sensores integrado y controles f\u00e1ciles de usar para un control \u00f3ptimo de la pulverizaci\u00f3n y la seguridad. <\/p>\n<p>Caracter\u00edsticas clave<\/p>\n<p>Motor potente: motor sin escobillas de 1500 W CC para un rendimiento estable y duradero.<\/p>\n<p>Doble voltaje: compatible con 110 V\/220 V, 50-60 Hz.<\/p>\n<p>Caudal ajustable: de 0,6 a 12 l\/min para adaptarse a las necesidades de aplicaci\u00f3n.<\/p>\n<p>Salida de alta presi\u00f3n: hasta 20 bares para una pulverizaci\u00f3n suave y uniforme del material.<\/p>\n<p>Boquillas intercambiables: incluye opciones de boquillas de 4 mm, 6 mm y 8 mm.<\/p>\n<p>Largo alcance: manguera de 7,5 m para un radio de trabajo ampliado<\/p>\n<p>Alcance vertical: altura m\u00e1xima de transporte de 10 m.<\/p>\n<p>Sistema completo: incluye sensor, bastidor, tolva, sistema de descarga, bomba y salida de la tolva.<\/p>\n<p>Panel de control: Equipado con indicador de encendido, interruptor de 3 modos y controlador de velocidad.<\/p>\n<p>Ideal para: Aplicaciones de acabados en spray, piedra, granito en spray y revestimientos texturizados.<\/p>\n<p>El pulverizador Infinity Effects.es Textrue Sprayer est\u00e1 dise\u00f1ado para profesionales que exigen rendimiento, eficiencia y versatilidad. Realice cualquier trabajo de pulverizaci\u00f3n de texturas con confianza y precisi\u00f3n. <\/p>\n","protected":false},"excerpt":{"rendered":"<p>El pulverizador de texturas ISM1 Infinity Effects es una soluci\u00f3n el\u00e9ctrica de alto rendimiento dise\u00f1ada para la aplicaci\u00f3n eficiente de materiales texturizados, como piedra pulverizada, revestimientos de granito y otros. Impulsado por un robusto motor sin escobillas de 1500 W CC, ofrece un rendimiento potente y constante tanto para proyectos residenciales como comerciales. Con un &#8230; <a title=\"Pulverizador de texturas ISM1 Infinity Effects\" class=\"read-more\" href=\"https:\/\/tiendaonline.ludeni.dev\/es\/producto\/pulverizador-de-texturas-ism1-infinity-effects\/\" aria-label=\"Leer m\u00e1s sobre Pulverizador de texturas ISM1 Infinity Effects\">Leer m\u00e1s<\/a><\/p>\n","protected":false},"featured_media":641,"comment_status":"open","ping_status":"closed","template":"","meta":[],"product_brand":[],"product_cat":[69,71],"product_tag":[],"class_list":{"0":"post-1294","1":"product","2":"type-product","3":"status-publish","4":"has-post-thumbnail","6":"product_cat-espray-de-piedra","7":"product_cat-herramientas","8":"sales-flash-overlay","9":"woocommerce-text-align-center","10":"woocommerce-image-align-center","11":"do-quantity-buttons","13":"first","14":"instock","15":"shipping-taxable","16":"purchasable","17":"product-type-simple"},"_links":{"self":[{"href":"https:\/\/tiendaonline.ludeni.dev\/es\/wp-json\/wp\/v2\/product\/1294","targetHints":{"allow":["GET"]}}],"collection":[{"href":"https:\/\/tiendaonline.ludeni.dev\/es\/wp-json\/wp\/v2\/product"}],"about":[{"href":"https:\/\/tiendaonline.ludeni.dev\/es\/wp-json\/wp\/v2\/types\/product"}],"replies":[{"embeddable":true,"href":"https:\/\/tiendaonline.ludeni.dev\/es\/wp-json\/wp\/v2\/comments?post=1294"}],"wp:featuredmedia":[{"embeddable":true,"href":"https:\/\/tiendaonline.ludeni.dev\/es\/wp-json\/wp\/v2\/media\/641"}],"wp:attachment":[{"href":"https:\/\/tiendaonline.ludeni.dev\/es\/wp-json\/wp\/v2\/media?parent=1294"}],"wp:term":[{"taxonomy":"product_brand","embeddable":true,"href":"https:\/\/tiendaonline.ludeni.dev\/es\/wp-json\/wp\/v2\/product_brand?post=1294"},{"taxonomy":"product_cat","embeddable":true,"href":"https:\/\/tiendaonline.ludeni.dev\/es\/wp-json\/wp\/v2\/product_cat?post=1294"},{"taxonomy":"product_tag","embeddable":true,"href":"https:\/\/tiendaonline.ludeni.dev\/es\/wp-json\/wp\/v2\/product_tag?post=1294"}],"curies":[{"name":"wp","href":"https:\/\/api.w.org\/{rel}","templated":true}]}}