{"id":1278,"date":"2025-12-12T10:22:40","date_gmt":"2025-12-12T10:22:40","guid":{"rendered":"https:\/\/tiendaonline.ludeni.dev\/product\/arido-teseries-stone-rojo-alicante\/"},"modified":"2026-01-14T19:20:03","modified_gmt":"2026-01-14T19:20:03","slug":"arido-teseries-stone-rojo-alicante","status":"publish","type":"product","link":"https:\/\/tiendaonline.ludeni.dev\/es\/producto\/arido-teseries-stone-rojo-alicante\/","title":{"rendered":"\u00c1rido Teseries Stone Rojo Alicante"},"content":{"rendered":"<ul>\n<li>Caliza rojiza, compuesta de carbonatos: caliza y dolomita.<\/li>\n<\/ul>\n<p><strong>An\u00e1lisis f\u00edsico<\/strong><\/p>\n<ul>\n<li>Dureza: 3 Mohs<\/li>\n<li>Resistencia a la fragmentaci\u00f3n: <sub>LA26<\/sub><\/li>\n<li>Tama\u00f1os disponibles:\n<ul>\n<li>1-3 mm<\/li>\n<li>2-4 mm<\/li>\n<li>2-6 mm<\/li>\n<\/ul>\n<\/li>\n<\/ul>\n","protected":false},"excerpt":{"rendered":"<p>Caliza rojiza, compuesta de carbonatos: caliza y dolomita. An\u00e1lisis f\u00edsico Dureza: 3 Mohs Resistencia a la fragmentaci\u00f3n: LA26 Tama\u00f1os disponibles: 1-3 mm 2-4 mm 2-6 mm<\/p>\n","protected":false},"featured_media":592,"comment_status":"open","ping_status":"closed","template":"","meta":[],"product_brand":[],"product_cat":[68],"product_tag":[],"class_list":{"0":"post-1278","1":"product","2":"type-product","3":"status-publish","4":"has-post-thumbnail","6":"product_cat-agregados-resina","7":"sales-flash-overlay","8":"woocommerce-text-align-center","9":"woocommerce-image-align-center","10":"do-quantity-buttons","12":"first","13":"outofstock","14":"virtual","15":"purchasable","16":"product-type-simple"},"_links":{"self":[{"href":"https:\/\/tiendaonline.ludeni.dev\/es\/wp-json\/wp\/v2\/product\/1278","targetHints":{"allow":["GET"]}}],"collection":[{"href":"https:\/\/tiendaonline.ludeni.dev\/es\/wp-json\/wp\/v2\/product"}],"about":[{"href":"https:\/\/tiendaonline.ludeni.dev\/es\/wp-json\/wp\/v2\/types\/product"}],"replies":[{"embeddable":true,"href":"https:\/\/tiendaonline.ludeni.dev\/es\/wp-json\/wp\/v2\/comments?post=1278"}],"wp:featuredmedia":[{"embeddable":true,"href":"https:\/\/tiendaonline.ludeni.dev\/es\/wp-json\/wp\/v2\/media\/592"}],"wp:attachment":[{"href":"https:\/\/tiendaonline.ludeni.dev\/es\/wp-json\/wp\/v2\/media?parent=1278"}],"wp:term":[{"taxonomy":"product_brand","embeddable":true,"href":"https:\/\/tiendaonline.ludeni.dev\/es\/wp-json\/wp\/v2\/product_brand?post=1278"},{"taxonomy":"product_cat","embeddable":true,"href":"https:\/\/tiendaonline.ludeni.dev\/es\/wp-json\/wp\/v2\/product_cat?post=1278"},{"taxonomy":"product_tag","embeddable":true,"href":"https:\/\/tiendaonline.ludeni.dev\/es\/wp-json\/wp\/v2\/product_tag?post=1278"}],"curies":[{"name":"wp","href":"https:\/\/api.w.org\/{rel}","templated":true}]}}