{"id":1254,"date":"2025-12-15T16:04:32","date_gmt":"2025-12-15T16:04:32","guid":{"rendered":"https:\/\/tiendaonline.ludeni.dev\/product\/arido-teseries-stone-azul-grisaceo\/"},"modified":"2026-01-14T19:16:07","modified_gmt":"2026-01-14T19:16:07","slug":"arido-teseries-stone-azul-grisaceo","status":"publish","type":"product","link":"https:\/\/tiendaonline.ludeni.dev\/es\/producto\/arido-teseries-stone-azul-grisaceo\/","title":{"rendered":"\u00c1rido Teseries Stone Azul Gris\u00e1ceo"},"content":{"rendered":"<ul>\n<li>Granito dolom\u00edtico gris\u00e1ceo.<\/li>\n<\/ul>\n<p><strong>An\u00e1lisis f\u00edsico<\/strong><\/p>\n<ul>\n<li>Dureza: 4 Mohs<\/li>\n<li>Resistencia a la fragmentaci\u00f3n: <sub>LA35<\/sub><\/li>\n<li>Tama\u00f1os disponibles:\n<ul>\n<li>1-3 mm<\/li>\n<li>2-4 mm<\/li>\n<li>2-6 mm<\/li>\n<\/ul>\n<\/li>\n<\/ul>\n","protected":false},"excerpt":{"rendered":"<p>Granito dolom\u00edtico gris\u00e1ceo. An\u00e1lisis f\u00edsico Dureza: 4 Mohs Resistencia a la fragmentaci\u00f3n: LA35 Tama\u00f1os disponibles: 1-3 mm 2-4 mm 2-6 mm<\/p>\n","protected":false},"featured_media":587,"comment_status":"open","ping_status":"closed","template":"","meta":[],"product_brand":[],"product_cat":[68],"product_tag":[],"class_list":{"0":"post-1254","1":"product","2":"type-product","3":"status-publish","4":"has-post-thumbnail","6":"product_cat-agregados-resina","7":"sales-flash-overlay","8":"woocommerce-text-align-center","9":"woocommerce-image-align-center","10":"do-quantity-buttons","12":"first","13":"instock","14":"virtual","15":"purchasable","16":"product-type-simple"},"_links":{"self":[{"href":"https:\/\/tiendaonline.ludeni.dev\/es\/wp-json\/wp\/v2\/product\/1254","targetHints":{"allow":["GET"]}}],"collection":[{"href":"https:\/\/tiendaonline.ludeni.dev\/es\/wp-json\/wp\/v2\/product"}],"about":[{"href":"https:\/\/tiendaonline.ludeni.dev\/es\/wp-json\/wp\/v2\/types\/product"}],"replies":[{"embeddable":true,"href":"https:\/\/tiendaonline.ludeni.dev\/es\/wp-json\/wp\/v2\/comments?post=1254"}],"wp:featuredmedia":[{"embeddable":true,"href":"https:\/\/tiendaonline.ludeni.dev\/es\/wp-json\/wp\/v2\/media\/587"}],"wp:attachment":[{"href":"https:\/\/tiendaonline.ludeni.dev\/es\/wp-json\/wp\/v2\/media?parent=1254"}],"wp:term":[{"taxonomy":"product_brand","embeddable":true,"href":"https:\/\/tiendaonline.ludeni.dev\/es\/wp-json\/wp\/v2\/product_brand?post=1254"},{"taxonomy":"product_cat","embeddable":true,"href":"https:\/\/tiendaonline.ludeni.dev\/es\/wp-json\/wp\/v2\/product_cat?post=1254"},{"taxonomy":"product_tag","embeddable":true,"href":"https:\/\/tiendaonline.ludeni.dev\/es\/wp-json\/wp\/v2\/product_tag?post=1254"}],"curies":[{"name":"wp","href":"https:\/\/api.w.org\/{rel}","templated":true}]}}