{"id":1194,"date":"2023-11-28T04:16:16","date_gmt":"2023-11-28T04:16:16","guid":{"rendered":"https:\/\/tiendaonline.ludeni.dev\/sobre-nosotros\/"},"modified":"2025-12-30T14:48:34","modified_gmt":"2025-12-30T14:48:34","slug":"sobre-nosotros","status":"publish","type":"page","link":"https:\/\/tiendaonline.ludeni.dev\/es\/sobre-nosotros\/","title":{"rendered":"Sobre nosotros"},"content":{"rendered":"\n<div class=\"gb-element-de3dbf4a\">\n<div class=\"gb-element-f286966d\">\n<h1 class=\"gb-text\">Sobre nosotros<\/h1>\n\n\n\n<p class=\"gb-text gb-text-ad7a4fdb\">Infinity Effects Spain es el proveedor l\u00edder en Espa\u00f1a de materiales para superficies de resina. Suministramos resinas, \u00e1ridos y herramientas de primera calidad desde nuestra planta de fabricaci\u00f3n en Benissa, Alicante. <\/p>\n<\/div>\n<\/div>\n\n<div class=\"gb-element-82908b8d\">\n<h3 class=\"gb-text\">Acerca de Infinity Effects Spain<\/h3>\n\n\n\n<p class=\"gb-text\"><a href=\"https:\/\/tiendaonline.ludeni.dev\/es\/\" data-type=\"page\" data-id=\"32\">Infinity Effects Spain<\/a> abri\u00f3 su <a href=\"https:\/\/maps.app.goo.gl\/TjtoMvCGKDhXmu5p7\">planta de fabricaci\u00f3n en Benissa<\/a>, Alicante, en 2024, acercando los materiales para superficies de resina a nuestros clientes en Espa\u00f1a como nunca antes.<\/p>\n\n\n\n<p class=\"gb-text\">La planta est\u00e1 equipada con maquinaria de \u00faltima generaci\u00f3n, lo que nos permite fabricar internamente productos de resina de poliuretano de alto rendimiento. Esto incluye <a href=\"https:\/\/tiendaonline.ludeni.dev\/product\/uv-rox-resin-binder\/\" data-type=\"product\" data-id=\"497\">Rox Binder<\/a> para superficies de resina y <a href=\"https:\/\/tiendaonline.ludeni.dev\/product\/fijafix\/\" data-type=\"product\" data-id=\"503\">Fijafix<\/a> para aplicaciones decorativas y de resina. <\/p>\n\n\n\n<p class=\"gb-text\">Nuestros equipos de producci\u00f3n, procesos y formaci\u00f3n del personal se llevaron a cabo con el apoyo directo de <a href=\"https:\/\/www.infinityeffects.com\/\">Infinity Effects International<\/a>. Participaron directamente en ayudarnos a instalar la planta desde su sede en Belfast, Irlanda del Norte, garantizando los mismos est\u00e1ndares, la misma consistencia y el mismo control de calidad por los que se conoce la marca. <\/p>\n\n\n\n<p class=\"gb-text gb-text-6267e7b9\">Junto con nuestros productos de resina de fabricaci\u00f3n propia, tambi\u00e9n suministramos una gama completa de materiales de Infinity Effects, incluyendo <a href=\"https:\/\/tiendaonline.ludeni.dev\/product-category\/spray-granite\/\">Spray Granite<\/a>, <a href=\"https:\/\/tiendaonline.ludeni.dev\/product-category\/spray-stone\/\">Spray Stone<\/a> e <a href=\"https:\/\/tiendaonline.ludeni.dev\/product-category\/paint\/\">Infinity Effects paints<\/a>, as\u00ed como las <a href=\"https:\/\/tiendaonline.ludeni.dev\/product-category\/tools\/\">herramientas y equipos<\/a> de aplicaci\u00f3n que los profesionales necesitan para un acabado limpio y fiable.<br><br><\/p>\n\n\n\n<div class=\"gb-element-9e107b41\">\n<div class=\"gb-element-7f026184\">\n<img loading=\"lazy\" decoding=\"async\" width=\"1536\" height=\"2048\" class=\"gb-media-6221dd2a\" src=\"https:\/\/tiendaonline.ludeni.dev\/wp-content\/uploads\/2025\/12\/rox-binder-pot-made-in-spain.jpg\" title=\"rox-binder-pot-made-in-spain\" alt=\"\" srcset=\"https:\/\/tiendaonline.ludeni.dev\/wp-content\/uploads\/2025\/12\/rox-binder-pot-made-in-spain.jpg 1536w, https:\/\/tiendaonline.ludeni.dev\/wp-content\/uploads\/2025\/12\/rox-binder-pot-made-in-spain-225x300.jpg 225w, https:\/\/tiendaonline.ludeni.dev\/wp-content\/uploads\/2025\/12\/rox-binder-pot-made-in-spain-768x1024.jpg 768w, https:\/\/tiendaonline.ludeni.dev\/wp-content\/uploads\/2025\/12\/rox-binder-pot-made-in-spain-1152x1536.jpg 1152w, https:\/\/tiendaonline.ludeni.dev\/wp-content\/uploads\/2025\/12\/rox-binder-pot-made-in-spain-600x800.jpg 600w\" sizes=\"auto, (max-width: 1536px) 100vw, 1536px\" \/>\n<\/div>\n\n\n\n<div class=\"gb-element-74f7ed06\">\n<h3 class=\"gb-text\">Nuestra <a href=\"https:\/\/tiendaonline.ludeni.dev\/product\/uv-rox-resin-binder\/\" data-type=\"product\" data-id=\"497\">resina de poliuretano Rox Binder<\/a> es uno de los \u00fanicos productos fabricados en Espa\u00f1a para aplicaciones de resina.<\/h3>\n<\/div>\n<\/div>\n\n\n\n<h3 class=\"gb-text\">Nuestra historia<\/h3>\n\n\n\n<p><a href=\"https:\/\/tiendaonline.ludeni.dev\/es\/\" data-type=\"page\" data-id=\"32\">Infinity Effects Spain<\/a> est\u00e1 dirigida por el director general Paul Noble, cuyo inter\u00e9s por las superficies de resina comenz\u00f3 en casa: quer\u00eda instalarla alrededor de la terraza de la piscina de su villa en la Costa Blanca.<\/p>\n\n\n\n<p>Pero despu\u00e9s de ver el trabajo local, no estaba convencido. Muchas resinas no estaban dise\u00f1adas para el clima espa\u00f1ol, y Paul vio historias de terror de entradas de veh\u00edculos de resina que se hab\u00edan agrietado en menos de 12 meses. <\/p>\n\n\n\n<p>Con experiencia en la direcci\u00f3n de uno de los principales contratistas de pintura y revestimiento del Reino Unido, Paul prob\u00f3 las resinas de poliuretano disponibles en el mercado y complet\u00f3 el trabajo \u00e9l mismo utilizando <a href=\"https:\/\/tiendaonline.ludeni.dev\/product\/uv-rox-resin-binder\/\" data-type=\"product\" data-id=\"497\">Rox Binder de Infinity Effects<\/a>: era el mejor producto de resina de poliuretano que hab\u00eda encontrado en Espa\u00f1a.<\/p>\n\n\n\n<p>Poco despu\u00e9s, Paul se enter\u00f3 de que Infinity Effects se estaba expandiendo a Espa\u00f1a, por lo que lanz\u00f3 Infinity Effects Spain para suministrar a los instaladores profesionales productos de alto rendimiento. Hoy en d\u00eda, nuestros materiales se utilizan en proyectos desde M\u00e1laga hasta Valencia, y en todos los lugares intermedios. <\/p>\n<\/div>\n\n<div class=\"gb-element-1ef62c58\">\n<div class=\"gb-element-368103a1\">\n<h2 class=\"gb-text gb-text-055cf755\">productos de resina de primera clase,<\/h2>\n\n\n\n<h2 class=\"gb-text gb-text-6b4810e2\">fabricados en espa\u00f1a.<\/h2>\n<\/div>\n<\/div>\n\n<div class=\"gb-element-59305d34\">\n<h3 class=\"gb-text gb-text-54aed913\">Pedidos y entrega<\/h3>\n\n\n\n<p>Todos los productos de este sitio web est\u00e1n almacenados en nuestra planta de fabricaci\u00f3n y almac\u00e9n en Benissa, Alicante, listos para su r\u00e1pida recogida o env\u00edo.<\/p>\n\n\n\n<p>Si es de la zona y desea comprar en persona, ll\u00e1menos al <a href=\"tel:+34711010389\">711 010 389<\/a>. Podemos hacer los arreglos necesarios para que pruebe una muestra en nuestro almac\u00e9n o preparar su pedido para su recogida inmediata.<\/p>\n\n\n\n<p>Infinity Effects Spain tambi\u00e9n realiza entregas en M\u00e1laga, Almer\u00eda, Murcia, Alicante, Valencia y Castell\u00f3n. Puede hacer su pedido en l\u00ednea y nosotros le enviaremos sus productos, o llamar al <a href=\"tel:+34711010389\">711 010 389<\/a> para hacer su pedido y fijar una fecha de entrega.<\/p>\n\n\n\n<p>Si es un instalador de resina, pintor, decorador o empresa de construcci\u00f3n con sede en Espa\u00f1a fuera de estas zonas, llame al <a href=\"tel:+34711010389\">711 010 389<\/a> y le aconsejaremos la opci\u00f3n de entrega m\u00e1s adecuada para su ubicaci\u00f3n.<\/p>\n\n\n\n<div class=\"gb-element-f5338313\">\n<div class=\"gb-element-e77b12ea\">\n<h3 class=\"gb-text\">Infinity Effects Spain entrega nuestros productos desde M\u00e1laga hasta Castell\u00f3n; para otras entregas, llame al <a href=\"tel:+34711010389\">711 010 389<\/a><\/h3>\n<\/div>\n\n\n\n<div class=\"gb-element-1f9ed8f8\">\n<img loading=\"lazy\" decoding=\"async\" width=\"1000\" height=\"750\" class=\"gb-media-41e828eb\" src=\"https:\/\/tiendaonline.ludeni.dev\/wp-content\/uploads\/2025\/12\/infinity-effects-spain-van.jpg\" title=\"infinity-effects-spain-van\" alt=\"\" srcset=\"https:\/\/tiendaonline.ludeni.dev\/wp-content\/uploads\/2025\/12\/infinity-effects-spain-van.jpg 1000w, https:\/\/tiendaonline.ludeni.dev\/wp-content\/uploads\/2025\/12\/infinity-effects-spain-van-300x225.jpg 300w, https:\/\/tiendaonline.ludeni.dev\/wp-content\/uploads\/2025\/12\/infinity-effects-spain-van-768x576.jpg 768w, https:\/\/tiendaonline.ludeni.dev\/wp-content\/uploads\/2025\/12\/infinity-effects-spain-van-600x450.jpg 600w\" sizes=\"auto, (max-width: 1000px) 100vw, 1000px\" \/>\n<\/div>\n<\/div>\n<\/div>\n","protected":false},"excerpt":{"rendered":"<p>Sobre nosotros Infinity Effects Spain es el proveedor l\u00edder en Espa\u00f1a de materiales para superficies de resina. Suministramos resinas, \u00e1ridos y herramientas de primera calidad desde nuestra planta de fabricaci\u00f3n en Benissa, Alicante. Acerca de Infinity Effects Spain Infinity Effects Spain abri\u00f3 su planta de fabricaci\u00f3n en Benissa, Alicante, en 2024, acercando los materiales para &#8230; <a title=\"Sobre nosotros\" class=\"read-more\" href=\"https:\/\/tiendaonline.ludeni.dev\/es\/sobre-nosotros\/\" aria-label=\"Leer m\u00e1s sobre Sobre nosotros\">Leer m\u00e1s<\/a><\/p>\n","protected":false},"author":1,"featured_media":0,"parent":0,"menu_order":0,"comment_status":"closed","ping_status":"closed","template":"","meta":{"footnotes":""},"class_list":["post-1194","page","type-page","status-publish"],"_hostinger_reach_plugin_has_subscription_block":false,"_hostinger_reach_plugin_is_elementor":false,"_links":{"self":[{"href":"https:\/\/tiendaonline.ludeni.dev\/es\/wp-json\/wp\/v2\/pages\/1194","targetHints":{"allow":["GET"]}}],"collection":[{"href":"https:\/\/tiendaonline.ludeni.dev\/es\/wp-json\/wp\/v2\/pages"}],"about":[{"href":"https:\/\/tiendaonline.ludeni.dev\/es\/wp-json\/wp\/v2\/types\/page"}],"author":[{"embeddable":true,"href":"https:\/\/tiendaonline.ludeni.dev\/es\/wp-json\/wp\/v2\/users\/1"}],"replies":[{"embeddable":true,"href":"https:\/\/tiendaonline.ludeni.dev\/es\/wp-json\/wp\/v2\/comments?post=1194"}],"version-history":[{"count":1,"href":"https:\/\/tiendaonline.ludeni.dev\/es\/wp-json\/wp\/v2\/pages\/1194\/revisions"}],"predecessor-version":[{"id":1197,"href":"https:\/\/tiendaonline.ludeni.dev\/es\/wp-json\/wp\/v2\/pages\/1194\/revisions\/1197"}],"wp:attachment":[{"href":"https:\/\/tiendaonline.ludeni.dev\/es\/wp-json\/wp\/v2\/media?parent=1194"}],"curies":[{"name":"wp","href":"https:\/\/api.w.org\/{rel}","templated":true}]}}