{"id":1187,"date":"2023-11-28T00:06:47","date_gmt":"2023-11-28T00:06:47","guid":{"rendered":"https:\/\/tiendaonline.ludeni.dev\/carrito\/"},"modified":"2025-12-30T14:28:45","modified_gmt":"2025-12-30T14:28:45","slug":"carrito","status":"publish","type":"page","link":"https:\/\/tiendaonline.ludeni.dev\/es\/carrito\/","title":{"rendered":"Carrito"},"content":{"rendered":"\n<div data-block-name=\"woocommerce\/cart\" class=\"wp-block-woocommerce-cart alignwide is-loading\">\n<div data-block-name=\"woocommerce\/filled-cart-block\" class=\"wp-block-woocommerce-filled-cart-block\">\n<div data-block-name=\"woocommerce\/cart-items-block\" class=\"wp-block-woocommerce-cart-items-block\">\n<div data-block-name=\"woocommerce\/cart-line-items-block\" class=\"wp-block-woocommerce-cart-line-items-block\"><\/div>\n\n\n<\/div>\n\n\n\n\n<div data-block-name=\"woocommerce\/cart-totals-block\" class=\"wp-block-woocommerce-cart-totals-block\">\n<div data-block-name=\"woocommerce\/cart-order-summary-block\" class=\"wp-block-woocommerce-cart-order-summary-block\">\n<div data-block-name=\"woocommerce\/cart-order-summary-heading-block\" class=\"wp-block-woocommerce-cart-order-summary-heading-block\"><\/div><div data-block-name=\"woocommerce\/cart-order-summary-coupon-form-block\" class=\"wp-block-woocommerce-cart-order-summary-coupon-form-block\"><\/div><div data-block-name=\"woocommerce\/cart-order-summary-totals-block\" class=\"wp-block-woocommerce-cart-order-summary-totals-block\">\n<div data-block-name=\"woocommerce\/cart-order-summary-subtotal-block\" class=\"wp-block-woocommerce-cart-order-summary-subtotal-block\"><\/div>\n<div data-block-name=\"woocommerce\/cart-order-summary-discount-block\" class=\"wp-block-woocommerce-cart-order-summary-discount-block\"><\/div>\n<div data-block-name=\"woocommerce\/cart-order-summary-fee-block\" class=\"wp-block-woocommerce-cart-order-summary-fee-block\"><\/div>\n<div data-block-name=\"woocommerce\/cart-order-summary-shipping-block\" class=\"wp-block-woocommerce-cart-order-summary-shipping-block\"><\/div>\n<div data-block-name=\"woocommerce\/cart-order-summary-taxes-block\" class=\"wp-block-woocommerce-cart-order-summary-taxes-block\"><\/div><\/div>\n<\/div>\n\n\n\n<div data-block-name=\"woocommerce\/cart-express-payment-block\" class=\"wp-block-woocommerce-cart-express-payment-block\"><\/div>\n\n\n\n<div data-block-name=\"woocommerce\/proceed-to-checkout-block\" class=\"wp-block-woocommerce-proceed-to-checkout-block\"><\/div>\n\n\n\n<div data-block-name=\"woocommerce\/cart-accepted-payment-methods-block\" class=\"wp-block-woocommerce-cart-accepted-payment-methods-block\"><\/div>\n<\/div>\n<\/div>\n\n\n\n<div data-block-name=\"woocommerce\/empty-cart-block\" class=\"wp-block-woocommerce-empty-cart-block\">\n<h2 class=\"wp-block-heading has-text-align-center with-empty-cart-icon wc-block-cart__empty-cart__title\">\u00a1Tu carrito est\u00e1 actualmente vac\u00edo!<\/h2>\n\n\n\n<hr class=\"wp-block-separator has-alpha-channel-opacity is-style-dots\"\/>\n\n\n\n<h2 class=\"wp-block-heading has-text-align-center\">Nuevo en la tienda<\/h2>\n\n\n<div data-block-name=\"woocommerce\/product-new\" data-columns=\"4\" data-rows=\"1\" class=\"wc-block-grid wp-block-product-new wp-block-woocommerce-product-new wc-block-product-new has-4-columns\"><ul class=\"wc-block-grid__products\"><li class=\"wc-block-grid__product\">\n\t\t\t\t<a href=\"https:\/\/tiendaonline.ludeni.dev\/es\/producto\/mezcladora-de-resina-de-accion-forex\/\" class=\"wc-block-grid__product-link\">\n\t\t\t\t\t\n\t\t\t\t\t<div class=\"wc-block-grid__product-image\"><img loading=\"lazy\" decoding=\"async\" width=\"380\" height=\"380\" src=\"https:\/\/tiendaonline.ludeni.dev\/wp-content\/uploads\/2026\/01\/forex-action-resin-mixer-380x380.webp?wsr\" class=\"attachment-woocommerce_thumbnail size-woocommerce_thumbnail\" alt=\"Mezcladora de resina de acci\u00f3n Forex\" srcset=\"https:\/\/tiendaonline.ludeni.dev\/wp-content\/uploads\/2026\/01\/forex-action-resin-mixer-380x380.webp 380w, https:\/\/tiendaonline.ludeni.dev\/wp-content\/uploads\/2026\/01\/forex-action-resin-mixer-300x300.webp 300w, https:\/\/tiendaonline.ludeni.dev\/wp-content\/uploads\/2026\/01\/forex-action-resin-mixer-1024x1024.webp 1024w, https:\/\/tiendaonline.ludeni.dev\/wp-content\/uploads\/2026\/01\/forex-action-resin-mixer-150x150.webp 150w, https:\/\/tiendaonline.ludeni.dev\/wp-content\/uploads\/2026\/01\/forex-action-resin-mixer-768x768.webp 768w, https:\/\/tiendaonline.ludeni.dev\/wp-content\/uploads\/2026\/01\/forex-action-resin-mixer-600x600.webp 600w, https:\/\/tiendaonline.ludeni.dev\/wp-content\/uploads\/2026\/01\/forex-action-resin-mixer-100x100.webp 100w, https:\/\/tiendaonline.ludeni.dev\/wp-content\/uploads\/2026\/01\/forex-action-resin-mixer.webp 1080w\" sizes=\"auto, (max-width: 380px) 100vw, 380px\" \/><\/div>\n\t\t\t\t\t<div class=\"wc-block-grid__product-title\">Mezcladora de resina de acci\u00f3n Forex<\/div>\n\t\t\t\t<\/a>\n\t\t\t\t<div class=\"wc-block-grid__product-price price\"><span class=\"woocommerce-Price-amount amount\">1.595,00<span class=\"woocommerce-Price-currencySymbol\">&euro;<\/span><\/span><\/div>\n\t\t\t\t\n\t\t\t\t<div class=\"wp-block-button wc-block-grid__product-add-to-cart\"><a href=\"\/es\/wp-json\/wp\/v2\/pages\/1187?add-to-cart=1417\" aria-label=\"A\u00f1adir al carrito: &ldquo;Mezcladora de resina de acci\u00f3n Forex&rdquo;\" data-quantity=\"1\" data-product_id=\"1417\" data-product_sku=\"\" data-price=\"1595\" rel=\"nofollow\" class=\"wp-block-button__link  add_to_cart_button ajax_add_to_cart\">A\u00f1adir al carrito<\/a><\/div>\n\t\t\t<\/li><li class=\"wc-block-grid__product\">\n\t\t\t\t<a href=\"https:\/\/tiendaonline.ludeni.dev\/es\/producto\/arido-teseries-stone-rosa-valencia\/\" class=\"wc-block-grid__product-link\">\n\t\t\t\t\t\n\t\t\t\t\t<div class=\"wc-block-grid__product-image\"><img loading=\"lazy\" decoding=\"async\" width=\"380\" height=\"380\" src=\"https:\/\/tiendaonline.ludeni.dev\/wp-content\/uploads\/2025\/12\/rosa-valencia-380x380.webp?wsr\" class=\"attachment-woocommerce_thumbnail size-woocommerce_thumbnail\" alt=\"\u00c1rido Teseries Stone Rosa Valencia\" srcset=\"https:\/\/tiendaonline.ludeni.dev\/wp-content\/uploads\/2025\/12\/rosa-valencia-380x380.webp 380w, https:\/\/tiendaonline.ludeni.dev\/wp-content\/uploads\/2025\/12\/rosa-valencia-100x100.webp 100w, https:\/\/tiendaonline.ludeni.dev\/wp-content\/uploads\/2025\/12\/rosa-valencia-150x150.webp 150w\" sizes=\"auto, (max-width: 380px) 100vw, 380px\" \/><\/div>\n\t\t\t\t\t<div class=\"wc-block-grid__product-title\">\u00c1rido Teseries Stone Rosa Valencia<\/div>\n\t\t\t\t<\/a>\n\t\t\t\t<div class=\"wc-block-grid__product-price price\"><span class=\"woocommerce-Price-amount amount\">5,99<span class=\"woocommerce-Price-currencySymbol\">&euro;<\/span><\/span><\/div>\n\t\t\t\t\n\t\t\t\t<div class=\"wp-block-button wc-block-grid__product-add-to-cart\"><a href=\"https:\/\/tiendaonline.ludeni.dev\/es\/producto\/arido-teseries-stone-rosa-valencia\/\" aria-label=\"Lee m\u00e1s sobre &ldquo;\u00c1rido Teseries Stone Rosa Valencia&rdquo;\" data-quantity=\"1\" data-product_id=\"1232\" data-product_sku=\"\" data-price=\"5.99\" rel=\"nofollow\" class=\"wp-block-button__link  add_to_cart_button\">Leer m\u00e1s<\/a><\/div>\n\t\t\t<\/li><li class=\"wc-block-grid__product\">\n\t\t\t\t<a href=\"https:\/\/tiendaonline.ludeni.dev\/es\/producto\/arido-teseries-stone-negro\/\" class=\"wc-block-grid__product-link\">\n\t\t\t\t\t\n\t\t\t\t\t<div class=\"wc-block-grid__product-image\"><img loading=\"lazy\" decoding=\"async\" width=\"380\" height=\"380\" src=\"https:\/\/tiendaonline.ludeni.dev\/wp-content\/uploads\/2025\/12\/negro-380x380.webp?wsr\" class=\"attachment-woocommerce_thumbnail size-woocommerce_thumbnail\" alt=\"\u00c1rido Teseries Stone Negro\" srcset=\"https:\/\/tiendaonline.ludeni.dev\/wp-content\/uploads\/2025\/12\/negro-380x380.webp 380w, https:\/\/tiendaonline.ludeni.dev\/wp-content\/uploads\/2025\/12\/negro-100x100.webp 100w, https:\/\/tiendaonline.ludeni.dev\/wp-content\/uploads\/2025\/12\/negro-150x150.webp 150w\" sizes=\"auto, (max-width: 380px) 100vw, 380px\" \/><\/div>\n\t\t\t\t\t<div class=\"wc-block-grid__product-title\">\u00c1rido Teseries Stone Negro<\/div>\n\t\t\t\t<\/a>\n\t\t\t\t<div class=\"wc-block-grid__product-price price\"><span class=\"woocommerce-Price-amount amount\">5,59<span class=\"woocommerce-Price-currencySymbol\">&euro;<\/span><\/span><\/div>\n\t\t\t\t\n\t\t\t\t<div class=\"wp-block-button wc-block-grid__product-add-to-cart\"><a href=\"https:\/\/tiendaonline.ludeni.dev\/es\/producto\/arido-teseries-stone-negro\/\" aria-label=\"Lee m\u00e1s sobre &ldquo;\u00c1rido Teseries Stone Negro&rdquo;\" data-quantity=\"1\" data-product_id=\"1238\" data-product_sku=\"\" data-price=\"5.59\" rel=\"nofollow\" class=\"wp-block-button__link  add_to_cart_button\">Leer m\u00e1s<\/a><\/div>\n\t\t\t<\/li><li class=\"wc-block-grid__product\">\n\t\t\t\t<a href=\"https:\/\/tiendaonline.ludeni.dev\/es\/producto\/arido-teseries-stone-marron-caramelo\/\" class=\"wc-block-grid__product-link\">\n\t\t\t\t\t\n\t\t\t\t\t<div class=\"wc-block-grid__product-image\"><img loading=\"lazy\" decoding=\"async\" width=\"380\" height=\"380\" src=\"https:\/\/tiendaonline.ludeni.dev\/wp-content\/uploads\/2025\/12\/marron-caramelo-380x380.webp?wsr\" class=\"attachment-woocommerce_thumbnail size-woocommerce_thumbnail\" alt=\"\u00c1rido Teseries Stone marr\u00f3n caramelo\" srcset=\"https:\/\/tiendaonline.ludeni.dev\/wp-content\/uploads\/2025\/12\/marron-caramelo-380x380.webp 380w, https:\/\/tiendaonline.ludeni.dev\/wp-content\/uploads\/2025\/12\/marron-caramelo-100x100.webp 100w, https:\/\/tiendaonline.ludeni.dev\/wp-content\/uploads\/2025\/12\/marron-caramelo-150x150.webp 150w\" sizes=\"auto, (max-width: 380px) 100vw, 380px\" \/><\/div>\n\t\t\t\t\t<div class=\"wc-block-grid__product-title\">\u00c1rido Teseries Stone marr\u00f3n caramelo<\/div>\n\t\t\t\t<\/a>\n\t\t\t\t<div class=\"wc-block-grid__product-price price\"><span class=\"woocommerce-Price-amount amount\">5,59<span class=\"woocommerce-Price-currencySymbol\">&euro;<\/span><\/span><\/div>\n\t\t\t\t\n\t\t\t\t<div class=\"wp-block-button wc-block-grid__product-add-to-cart\"><a href=\"https:\/\/tiendaonline.ludeni.dev\/es\/producto\/arido-teseries-stone-marron-caramelo\/\" aria-label=\"Lee m\u00e1s sobre &ldquo;\u00c1rido Teseries Stone marr\u00f3n caramelo&rdquo;\" data-quantity=\"1\" data-product_id=\"1242\" data-product_sku=\"\" data-price=\"5.59\" rel=\"nofollow\" class=\"wp-block-button__link  add_to_cart_button\">Leer m\u00e1s<\/a><\/div>\n\t\t\t<\/li><\/ul><\/div><\/div>\n<\/div>\n","protected":false},"excerpt":{"rendered":"","protected":false},"author":2,"featured_media":0,"parent":0,"menu_order":0,"comment_status":"closed","ping_status":"closed","template":"","meta":{"footnotes":""},"class_list":["post-1187","page","type-page","status-publish"],"_hostinger_reach_plugin_has_subscription_block":false,"_hostinger_reach_plugin_is_elementor":false,"_links":{"self":[{"href":"https:\/\/tiendaonline.ludeni.dev\/es\/wp-json\/wp\/v2\/pages\/1187","targetHints":{"allow":["GET"]}}],"collection":[{"href":"https:\/\/tiendaonline.ludeni.dev\/es\/wp-json\/wp\/v2\/pages"}],"about":[{"href":"https:\/\/tiendaonline.ludeni.dev\/es\/wp-json\/wp\/v2\/types\/page"}],"author":[{"embeddable":true,"href":"https:\/\/tiendaonline.ludeni.dev\/es\/wp-json\/wp\/v2\/users\/2"}],"replies":[{"embeddable":true,"href":"https:\/\/tiendaonline.ludeni.dev\/es\/wp-json\/wp\/v2\/comments?post=1187"}],"version-history":[{"count":0,"href":"https:\/\/tiendaonline.ludeni.dev\/es\/wp-json\/wp\/v2\/pages\/1187\/revisions"}],"wp:attachment":[{"href":"https:\/\/tiendaonline.ludeni.dev\/es\/wp-json\/wp\/v2\/media?parent=1187"}],"curies":[{"name":"wp","href":"https:\/\/api.w.org\/{rel}","templated":true}]}}